{"id":2467,"date":"2021-02-06T21:35:37","date_gmt":"2021-02-06T21:35:37","guid":{"rendered":"https:\/\/rccc.ro\/?page_id=2467"},"modified":"2026-03-31T17:50:30","modified_gmt":"2026-03-31T17:50:30","slug":"acasa","status":"publish","type":"page","link":"https:\/\/rccc.ro\/en\/","title":{"rendered":"Home"},"content":{"rendered":"<section class=\"wpb-content-wrapper\"><p>[vc_row][vc_column][vc_empty_space height=&#8221;20px&#8221;][\/vc_column][\/vc_row][vc_row css=&#8221;.vc_custom_1766506245258{padding-top: 40px !important;background: #eae8f1 url(https:\/\/rccc.ro\/wp-content\/uploads\/2025\/12\/fundal4-1.jpg?id=4262) !important;}&#8221; conditional_render=&#8221;%5B%7B%22value_role%22%3A%22administrator%22%7D%5D&#8221;][vc_column width=&#8221;1\/4&#8243;][vc_column_text css_animation=&#8221;bounceInLeft&#8221;]<img loading=\"lazy\" decoding=\"async\" class=\"alignleft wp-image-4011\" src=\"https:\/\/rccc.ro\/wp-content\/uploads\/2025\/12\/GheorgheCristian.jpg\" alt=\"\" width=\"178\" height=\"238\" \/>[\/vc_column_text][vc_empty_space][\/vc_column][vc_column width=&#8221;3\/4&#8243;][vc_column_text css_animation=&#8221;bounceInLeft&#8221;]<\/p>\n<h3><span style=\"color: #800080;\">Dragi colegi, dragi prieteni,<\/span><\/h3>\n<p>Este o mare onoare, dar \u0219i o mare responsabilitate s\u0103 preiau pozi\u021bia de Pre\u0219edinte al Clubului Rom\u00e2n pentru Boala Crohn \u0219i Colit\u0103 (RCCC) pentru perioada 2025-2027. \u00cempreun\u0103 cu membrii Comitetului Director al RCCC vom continua activitatea acestei societ\u0103\u021bi cu acelea\u0219i obiective pe care RCCC le-a avut \u00eenc\u0103 de la \u00eenfiin\u021bare: educa\u021bie, cercetare \u0219i, nu \u00een ultimul r\u00e2nd, cre\u0219terea calit\u0103\u021bii \u00eengrijirii pacien\u021bilor cu boli inflamatorii intestinale (IBD).<\/p>\n<p>Educa\u021bia va fi dedicat\u0103 medicilor reziden\u021bi gastroenterologi, medicilor speciali\u0219ti gastroenterologi, chirurgilor specializa\u021bi \u00een coloproctologie, medicilor de familie \u0219i asisten\u021bilor medicali implica\u021bi \u00een \u00eengrijirea acestor pacien\u021bi.<\/p>\n<p>Educa\u021bia pacien\u021bilor no\u0219tri este, de asemenea, un obiectiv major si din aceast\u0103 perspectiv\u0103 vom continua \u00eent\u00e2lnirile periodice cu Asocia\u021bia Pacien\u021bilor cu Boli Inflamatorii Intestinale (ASPIIR) at\u00e2t \u00een mediul virtual, c\u00e2t \u0219i \u00een-persoan\u0103, \u00een variate loca\u021bii, cu ocazia Congreselor, Conferin\u021belor \u0219i Simpozioanelor de gastroenterologie. Ne propunem s\u0103 stabilim o agend\u0103 a acestor \u00eent\u00e2lniri \u0219i s\u0103 sus\u021binem participarea membrilor ASPIIR cu ocazia evenimentelor de gastroenterologie desf\u0103\u0219urate \u00een loca\u021bii c\u00e2t mai apropiate de domiciliul lor.<\/p>\n<p>Vom organiza cursuri intensive de o zi (1-2 \u00een timpul unui an universitar) cu caracter interactiv, bazate pe cazuri clinice, pentru medicii reziden\u021bi de gastroenterologie \u0219i tinerii speciali\u0219ti gastroenterologi \u00een Centrele dedicate Pacien\u021bilor cu Boli Inflamatorii Intestinale din Bucure\u0219ti, Cluj, Craiova, Timi\u0219oara, Constan\u021ba \u0219i Ia\u0219i pentru a promova standardizarea \u0219i armonizarea practicii clinice \u0219i diseminarea ultimelor nout\u0103\u021bi \u0219tiin\u021bifice \u00een bolile inflamatorii intestinale. <a href=\"https:\/\/rccc.ro\/despre-rccc\/mesajul-presedintelui\/\">Cite\u0219te mai mult<\/a>[\/vc_column_text][\/vc_column][\/vc_row][vc_row][vc_column][vc_column_text css_animation=&#8221;bounceInLeft&#8221;]<\/p>\n<hr \/>\n<p><a href=\"https:\/\/rccc.ro\/en\/cotizatii-membru-rccc\/\"><img loading=\"lazy\" decoding=\"async\" class=\"aligncenter wp-image-4201\" src=\"https:\/\/rccc.ro\/wp-content\/uploads\/2025\/12\/devino-membru-en.png\" alt=\"\" width=\"236\" height=\"102\" \/><\/a><\/p>\n<hr \/>\n<p>[\/vc_column_text][\/vc_column][\/vc_row][vc_row][vc_column][vc_single_image image=&#8221;4156&#8243; img_size=&#8221;full&#8221; alignment=&#8221;center&#8221; onclick=&#8221;custom_link&#8221; img_link_target=&#8221;_blank&#8221; animation_type=&#8221;bounceInLeft&#8221;][\/vc_column][\/vc_row][vc_row][vc_column][vc_empty_space][\/vc_column][\/vc_row][vc_row][vc_column][vc_column_text]<\/p>\n<p style=\"text-align: center;\"><strong>The event is addressed exclusively to medical professionals.<\/strong><\/p>\n<p>[\/vc_column_text][\/vc_column][\/vc_row][vc_row animation_type=&#8221;bounceInLeft&#8221; conditional_render=&#8221;%5B%7B%22value_role%22%3A%22administrator%22%7D%5D&#8221;][vc_column width=&#8221;1\/4&#8243;][vc_column_text css_animation=&#8221;bounceInLeft&#8221;]<\/p>\n<p style=\"text-align: center;\"><a href=\"https:\/\/rccc.ro\/en\/despre-rccc\/\"><img loading=\"lazy\" decoding=\"async\" class=\"alignnone wp-image-2477\" src=\"https:\/\/rccc.ro\/wp-content\/uploads\/2021\/02\/1.png\" alt=\"\" width=\"100\" height=\"100\" \/><\/a><br \/>\n<span style=\"color: #a80978;\"><strong>About RCCC<\/strong><\/span><\/p>\n<p>[\/vc_column_text][\/vc_column][vc_column width=&#8221;1\/4&#8243;][vc_column_text css_animation=&#8221;bounceInLeft&#8221;]<\/p>\n<p style=\"text-align: center;\"><a href=\"https:\/\/rccc.ro\/en\/congres-rccc\/\"><img loading=\"lazy\" decoding=\"async\" class=\"alignnone wp-image-2478\" src=\"https:\/\/rccc.ro\/wp-content\/uploads\/2021\/02\/2.png\" alt=\"\" width=\"100\" height=\"100\" \/><\/a><br \/>\n<span style=\"color: #a80978;\"><strong>RCCC Congress<\/strong><\/span><\/p>\n<p>[\/vc_column_text][\/vc_column][vc_column width=&#8221;1\/4&#8243;][vc_column_text css_animation=&#8221;bounceInLeft&#8221;]<\/p>\n<p style=\"text-align: center;\"><a href=\"https:\/\/rccc.ro\/en\/congres-rccc\/plata-congres\"><img loading=\"lazy\" decoding=\"async\" class=\"alignnone wp-image-2477\" src=\"https:\/\/rccc.ro\/wp-content\/uploads\/2024\/06\/pay-icon-1-e1717614545892.png\" alt=\"\" width=\"100\" height=\"100\" \/><\/a><br \/>\n<span style=\"color: #a80978;\"><strong>Pay the RCCC Congress<\/strong><\/span><\/p>\n<p>[\/vc_column_text][\/vc_column][vc_column width=&#8221;1\/4&#8243;][vc_column_text css_animation=&#8221;bounceInLeft&#8221;]<\/p>\n<p style=\"text-align: center;\"><a href=\"https:\/\/forms.gle\/AmsUAkrgqwH5kgpw5\" target=\"_blank\" rel=\"noopener\"><img loading=\"lazy\" decoding=\"async\" class=\"alignnone wp-image-2479\" src=\"https:\/\/rccc.ro\/wp-content\/uploads\/2021\/02\/3.png\" alt=\"\" width=\"100\" height=\"100\" \/><\/a><br \/>\n<span style=\"color: #a80978;\"><strong>Registering<\/strong><\/span><\/p>\n<p>[\/vc_column_text][\/vc_column][\/vc_row][vc_row][vc_column][vc_empty_space][\/vc_column][\/vc_row][vc_row][vc_column][vc_column_text]<span style=\"color: #ff0000;\"><strong>Download the e-poster template: <a href=\"https:\/\/rccc.ro\/wp-content\/uploads\/2025\/09\/e-poster-rccc2026.pptx\" target=\"_blank\" rel=\"noopener\">https:\/\/rccc.ro\/wp-content\/uploads\/2025\/09\/e-poster-rccc2026.pptx<\/a><\/strong><\/span>[\/vc_column_text][\/vc_column][\/vc_row][vc_row][vc_column][vc_column_text]<span style=\"color: #ff0000;\"><strong>Download the presentation template <a href=\"https:\/\/rccc.ro\/wp-content\/uploads\/2025\/09\/rccc2026_template_prezentare_16-9.pptx\" target=\"_blank\" rel=\"noopener\">PPTX<\/a><\/strong><\/span>[\/vc_column_text][\/vc_column][\/vc_row][vc_row][vc_column width=&#8221;1\/2&#8243;][vc_column_text]<img loading=\"lazy\" decoding=\"async\" class=\"size-full wp-image-4242 alignleft\" src=\"https:\/\/rccc.ro\/wp-content\/uploads\/2025\/12\/agenda-evenimente-en.png\" alt=\"\" width=\"339\" height=\"35\" \/>[\/vc_column_text][\/vc_column][vc_column width=&#8221;1\/2&#8243;][vc_column_text]<a href=\"https:\/\/rccc.ro\/en\/noutati\/\"><img loading=\"lazy\" decoding=\"async\" class=\"wp-image-4243 alignright\" src=\"https:\/\/rccc.ro\/wp-content\/uploads\/2025\/12\/arhiva-evenimente-en.png\" alt=\"\" width=\"232\" height=\"39\" \/><\/a>[\/vc_column_text][\/vc_column][\/vc_row][vc_row][vc_column][vc_empty_space][\/vc_column][\/vc_row][vc_row css=&#8221;.vc_custom_1774979428284{padding-top: 80px !important;background-image: url(https:\/\/rccc.ro\/wp-content\/uploads\/2026\/03\/tree.jpg?id=4304) !important;}&#8221; conditional_render=&#8221;%5B%7B%22value_role%22%3A%22administrator%22%7D%5D&#8221; animation_type=&#8221;bounceInLeft&#8221;][vc_column][vc_masonry_grid post_type=&#8221;post&#8221; max_items=&#8221;3&#8243; grid_id=&#8221;vc_gid:1774979407455-9b51e833-82ef-0&#8243;][\/vc_column][\/vc_row][vc_row][vc_column][vc_empty_space][\/vc_column][\/vc_row]<\/p>\n<\/section>","protected":false},"excerpt":{"rendered":"<p>[vc_row][vc_column][vc_empty_space height=&#8221;20px&#8221;][\/vc_column][\/vc_row][vc_row css=&#8221;.vc_custom_1766506245258{padding-top: 40px !important;background: #eae8f1 url(https:\/\/rccc.ro\/wp-content\/uploads\/2025\/12\/fundal4-1.jpg?id=4262) !important;}&#8221; conditional_render=&#8221;%5B%7B%22value_role%22%3A%22administrator%22%7D%5D&#8221;][vc_column width=&#8221;1\/4&#8243;][vc_column_text css_animation=&#8221;bounceInLeft&#8221;][\/vc_column_text][vc_empty_space][\/vc_column][vc_column width=&#8221;3\/4&#8243;][vc_column_text css_animation=&#8221;bounceInLeft&#8221;] Dragi colegi, dragi prieteni, Este o mare onoare, dar \u0219i o mare responsabilitate s\u0103 preiau pozi\u021bia de Pre\u0219edinte al Clubului Rom\u00e2n pentru Boala Crohn \u0219i Colit\u0103 (RCCC) pentru perioada 2025-2027. \u00cempreun\u0103 cu membrii Comitetului Director al RCCC vom continua activitatea acestei societ\u0103\u021bi [&hellip;]<\/p>\n","protected":false},"author":1,"featured_media":0,"parent":0,"menu_order":0,"comment_status":"closed","ping_status":"closed","template":"","meta":{"footnotes":""},"class_list":["post-2467","page","type-page","status-publish","hentry"],"_links":{"self":[{"href":"https:\/\/rccc.ro\/en\/wp-json\/wp\/v2\/pages\/2467","targetHints":{"allow":["GET"]}}],"collection":[{"href":"https:\/\/rccc.ro\/en\/wp-json\/wp\/v2\/pages"}],"about":[{"href":"https:\/\/rccc.ro\/en\/wp-json\/wp\/v2\/types\/page"}],"author":[{"embeddable":true,"href":"https:\/\/rccc.ro\/en\/wp-json\/wp\/v2\/users\/1"}],"replies":[{"embeddable":true,"href":"https:\/\/rccc.ro\/en\/wp-json\/wp\/v2\/comments?post=2467"}],"version-history":[{"count":188,"href":"https:\/\/rccc.ro\/en\/wp-json\/wp\/v2\/pages\/2467\/revisions"}],"predecessor-version":[{"id":4305,"href":"https:\/\/rccc.ro\/en\/wp-json\/wp\/v2\/pages\/2467\/revisions\/4305"}],"wp:attachment":[{"href":"https:\/\/rccc.ro\/en\/wp-json\/wp\/v2\/media?parent=2467"}],"curies":[{"name":"wp","href":"https:\/\/api.w.org\/{rel}","templated":true}]}}