{"id":2552,"date":"2021-02-08T13:24:38","date_gmt":"2021-02-08T13:24:38","guid":{"rendered":"https:\/\/rccc.ro\/?page_id=2552"},"modified":"2021-02-18T10:39:31","modified_gmt":"2021-02-18T10:39:31","slug":"covid19","status":"publish","type":"page","link":"https:\/\/rccc.ro\/en\/educatie\/covid19\/","title":{"rendered":"COVID19"},"content":{"rendered":"<p><\/p>\n<h3 style=\"font-weight: 600;\"><img loading=\"lazy\" decoding=\"async\" class=\"alignnone size-full wp-image-2756\" src=\"https:\/\/rccc.ro\/wp-content\/uploads\/2021\/02\/coronavirus.jpg\" alt=\"\" width=\"300\" height=\"169\" \/><\/p>\n<p>Comitetul Societatii Romane de IBD a elaborat urmatoarele\u00a0recomandari:<\/h3>\n<h3 style=\"font-weight: 600;\">PACIENTI IBD<\/h3>\n<ol>\n<li>Incercati pe cat posibil sa mentineti o comunicare virtuala (telefon, sms, internet) cu medicul curant<\/li>\n<li>Nu exist\u0103 date care s\u0103 arate c\u0103 pacientii cu IBD sunt mai expu\u0219i la dobandirea infectii SARS-COV2 dec\u00e2t alte categorii de pacien\u021bi.<\/li>\n<li>Respectati cu rigoare reglementarile Legislatiei in vigoare referitoare la masurile generale de igiena (cum ar fi spalatul mainilor etc), distantare sociala si izolare<\/li>\n<li>Pacientii cu IBD la risc sunt indeosebi cei care au necesitat corticoterapie, imunosupresie (Imuran), agenti anti-TNF, Vedolizumab, dar si cei cu alte comorbiditati sau varstnici<\/li>\n<li>Tratamentele ini\u021biate trebuiesc continuate \u00een ambulatorul de specialitate, cu luarea tuturor m\u0103surilor de precau\u021bie. Tratamentul cu aminosalicilati este sigur in context epidemiologic COVID19, trebuie continuat si nu necesita oprire la pacienti COVID19 pozitivi. Nu este la ora actuala posibila supravegherea in afara spitalelor a perfuziilor cu agenti biologici, date fiind posibilele efecte adverse. Administrarea tratamentelor biologice perfuzabile va fi efectuata in centre dedicate conform recomandarilor IOIBD (International Organization for the study of Inflammatory Bowel Disease)<\/li>\n<li>Initierea terapiei cu agenti biologici ar trebui efectuat\u0103 doar \u00een cazuri bine fundamentate si supravegheat\u0103 de\u00a0 medicul gastroenterolog in unitatile spitalicesti. Nu ar trebui facute swich-uri terapeutice fara argumente solide<\/li>\n<li>Probabil ca reactivarea bolii in contextul actual epidemiologic reprezinta un risc inclusiv prin necesitatea internarii pacientului. Totusi, formele severe de boala (precum colita ulcerativa severa sau fulminanta) reprezinta urgente medicale si trebuie internate.\u00a0 Tratamentul poate include si agenti biologici<\/li>\n<li>De redus pe cat posibil corticoterapia.\u00a0De renuntat pe cat posibil la imunomodulatoare si de evitat comboterapia. De ales, daca este posibil, initierea de anti-TNF subcutanat care permite administrarea la domiciliu. \u00cen caz de COVID19 se opresc tratamentele imunomodulatoare\/imunosupresoare pe perioada infectiei.<\/li>\n<li>Este importanta colaborarea cu medicii de familie, inclusiv \u00een ceea ce prive\u0219te eliberarea re\u021betelor medicale. La ora actuala legislatia permite elaborarea de retete pe 3 luni inclusiv in format offline. \u00cen caz de for\u021b\u0103 major\u0103, cu suportul medicului specialist, medicul de familie poate administra tratamentul.<\/li>\n<li>Pacientii in remisiune trebuie sa evite deplasarile in afara locuintei, dar nu trebuie sa intrerupa medicatia.<\/li>\n<\/ol>\n<p style=\"font-weight: 300;\">Referinte:<\/p>\n<p style=\"font-weight: 300;\"><span style=\"font-weight: 400;\">IOIBD Update on COVID19 for Patients with Crohn\u2019s Disease and Ulcerative Colitis:\u00a0<\/span><span style=\"font-weight: 400;\"><a href=\"https:\/\/www.ioibd.org\/ioibd-update-on-covid19-for-patients-with-crohns-disease-and-ulcerative-colitis\/\">https:\/\/www.ioibd.org\/ioibd-update-on-covid19-for-patients-with-crohns-disease-and-ulcerative-colitis\/<\/a><\/span><\/p>\n<p style=\"font-weight: 300;\">COVID-19 et pathologies inflammatoires chroniques\u00a0:\u00a0<a href=\"https:\/\/www.snfge.org\/actualite\/covid-19-et-pathologies-inflammatoires-chroniques\">https:\/\/www.snfge.org\/actualite\/covid-19-et-pathologies-inflammatoires-chroniques<\/a><\/p>\n<p style=\"font-weight: 300;\">ECCO Information on COVID-19: \u00a0<a href=\"https:\/\/ecco-ibd.eu\/publications\/covid-19.html\">https:\/\/ecco-ibd.eu\/publications\/covid-19.html<\/a><\/p>\n<p style=\"font-weight: 300;\"><span style=\"font-weight: 400;\">Ordinul nr.539\/437\/31.03.2020:<\/span><b><strong>\u00a0<\/strong><\/b><a style=\"font-weight: 400;\" href=\"http:\/\/www.cnas.ro\/casbh\/post\/type\/local\/informare-prescriere-medici-specialisti.html\">http:\/\/www.cnas.ro\/casbh\/post\/type\/local\/informare-prescriere-medici-specialisti.html<\/a><\/p>\n<h3 style=\"font-weight: 400;\"><b><strong>MEDICI GASTROENTEROLOGI CARE AU IN EVIDENTA PACIENTI CU IBD:<\/strong><\/b><\/h3>\n<ol>\n<li>Incerca\u021bi pe c\u00e2t posibil s\u0103 men\u021bine\u021bi o comunicare virtual\u0103 (telefon, sms, internet) cu pacien\u021bii cu IBD<\/li>\n<li>Nu exist\u0103 recomand\u0103ri specifice pacien\u021bilor cu IBD \u0219i nu sunt suficiente date care s\u0103 arate c\u0103 ace\u0219tia sunt mai expu\u0219i la dobandirea infectiei SARS-COV2 dec\u00e2t alte categorii de pacien\u021bi.<\/li>\n<li>Fiecare centru decide, \u00een momentul de fa\u021b\u0103, cum gestioneaz\u0103 pacien\u021bii cu IBD, dat fiind faptul c\u0103 unele spitale au fost \u00eencadrate ca centre COVID19, iar altele nu.<\/li>\n<li>Pacien\u021bii cu IBD la risc de a dezvolta forme severe de boala COVID19 sunt indeosebi cei in tratament activ cu corticosteroizi, imunomodulatoare (AZA), agenti anti-TNF sau Vedolizumab, cei cu comorbiditati sau varstnici<\/li>\n<li>Tratamentele ini\u021biate trebuiesc continuate \u00een ambulatorul de specialitate, cu luarea tuturor m\u0103surilor de precau\u021bie. Tratamentul cu aminosalicilati este sigur in context epidemiologic COVID19, trebuie continuat si nu necesita oprire la pacienti COVID19 pozitivi. Nu este la ora actual\u0103 posibil\u0103 supravegherea \u00een afara spitalelor a perfuziilor cu agen\u021bi biologici (adica la domiciliu sau in alte unitati decat spitalele), date fiind posibilele efecte adverse. Administrarea tratamentelor biologice perfuzabile va fi efectuata in centre dedicate conform recomandarilor IOIBD<\/li>\n<li>Initierea terapiei cu agenti biologici ar trebui efectuat\u0103 doar \u00een cazuri bine fundamentate si supravegheat\u0103 de\u00a0 medicul gastroenterolog in unitatile spitalicesti. Nu ar trebui facute swich-uri terapeutice fara argumente solide<\/li>\n<li>Probabil ca reactivarea bolii in contextul actual epidemiologic reprezinta un risc inclusiv prin necesitatea internarii pacientului. Totusi, formele severe de boala (precum colita ulcerativa severa sau fulminanta) reprezinta urgente medicale si trebuie internate.\u00a0 Tratamentul poate include si agenti biologici<\/li>\n<li>De redus pe cat posibil corticoterapia. De renuntat pe cat posibil la imunomodulatoare, de evitat comboterapia. De ales, daca este posibil, initierea de anti-TNF subcutanat care permite administrarea la domiciliu. \u00cen caz de COVID19 se opresc tratamentele imunomodulatoare\/imunosupresoare pe perioada infec\u021biei.<\/li>\n<li>Este importanta colaborarea cu medicii de familie, inclusiv \u00een ceea ce prive\u0219te eliberarea re\u021betelor medicale. La ora actual\u0103 legislatia permite elaborarea de retete pe 3 luni inclusiv in format offline.\u00a0 \u00cen caz de for\u021b\u0103 major\u0103, cu suportul medicului specialist, medicul de familie poate administra tratamentul.<\/li>\n<li>Pacien\u021bii \u00een remisiune trebuie s\u0103 evite deplas\u0103rile \u00een afara locuin\u021bei \u0219i s\u0103 respecte condi\u021biile de izolare conform recomand\u0103rilor pentru popula\u021bia general\u0103, dar nu trebuie s\u0103 \u00eentrerup\u0103 medica\u021bia.<\/li>\n<\/ol>\n<p style=\"font-weight: 400;\"><em>Societatea Romana de Boli Inflamatorii Intestinale va elabora in cel mai scurt timp o nota informativa mai detaliata pentru medicii prescriptori<\/em><\/p>\n<p style=\"font-weight: 400;\"><em>Recomandam si vizitarea site-ului SRGH (Societatea Romana de Gastroenterologie si Hepatologie)<\/em><\/p>\n<p style=\"font-weight: 300;\">Referinte:<\/p>\n<p style=\"font-weight: 400;\">IOIBD Update on COVID19 for Patients with Crohn\u2019s Disease and Ulcerative Colitis:\u00a0<a href=\"https:\/\/www.ioibd.org\/ioibd-update-on-covid19-for-patients-with-crohns-disease-and-ulcerative-colitis\/\">https:\/\/www.ioibd.org\/ioibd-update-on-covid19-for-patients-with-crohns-disease-and-ulcerative-colitis\/<\/a><\/p>\n<p style=\"font-weight: 400;\">COVID-19 et pathologies inflammatoires chroniques\u00a0:\u00a0<a href=\"https:\/\/www.snfge.org\/actualite\/covid-19-et-pathologies-inflammatoires-chroniques\">https:\/\/www.snfge.org\/actualite\/covid-19-et-pathologies-inflammatoires-chroniques<\/a><\/p>\n<p style=\"font-weight: 400;\">ECCO Information on COVID-19: \u00a0<a href=\"https:\/\/ecco-ibd.eu\/publications\/covid-19.html\">https:\/\/ecco-ibd.eu\/publications\/covid-19.html<\/a><\/p>\n<p style=\"font-weight: 400;\">Ordinul nr.539\/437\/31.03.2020:<b><strong>\u00a0<\/strong><\/b><a href=\"http:\/\/www.cnas.ro\/casbh\/post\/type\/local\/informare-prescriere-medici-specialisti.html\">http:\/\/www.cnas.ro\/casbh\/post\/type\/local\/informare-prescriere-medici-specialisti.html<\/a><\/p>\n<p style=\"font-weight: 400;\">\n<p><\/p>","protected":false},"excerpt":{"rendered":"<p>Comitetul Societatii Romane de IBD a elaborat urmatoarele\u00a0recomandari: PACIENTI IBD Incercati pe cat posibil sa mentineti o comunicare virtuala (telefon, sms, internet) cu medicul curant Nu exist\u0103 date care s\u0103 arate c\u0103 pacientii cu IBD sunt mai expu\u0219i la dobandirea infectii SARS-COV2 dec\u00e2t alte categorii de pacien\u021bi. Respectati cu rigoare reglementarile Legislatiei in vigoare referitoare [&hellip;]<\/p>\n","protected":false},"author":1,"featured_media":0,"parent":2505,"menu_order":0,"comment_status":"closed","ping_status":"closed","template":"","meta":{"footnotes":""},"class_list":["post-2552","page","type-page","status-publish","hentry"],"_links":{"self":[{"href":"https:\/\/rccc.ro\/en\/wp-json\/wp\/v2\/pages\/2552","targetHints":{"allow":["GET"]}}],"collection":[{"href":"https:\/\/rccc.ro\/en\/wp-json\/wp\/v2\/pages"}],"about":[{"href":"https:\/\/rccc.ro\/en\/wp-json\/wp\/v2\/types\/page"}],"author":[{"embeddable":true,"href":"https:\/\/rccc.ro\/en\/wp-json\/wp\/v2\/users\/1"}],"replies":[{"embeddable":true,"href":"https:\/\/rccc.ro\/en\/wp-json\/wp\/v2\/comments?post=2552"}],"version-history":[{"count":5,"href":"https:\/\/rccc.ro\/en\/wp-json\/wp\/v2\/pages\/2552\/revisions"}],"predecessor-version":[{"id":3138,"href":"https:\/\/rccc.ro\/en\/wp-json\/wp\/v2\/pages\/2552\/revisions\/3138"}],"up":[{"embeddable":true,"href":"https:\/\/rccc.ro\/en\/wp-json\/wp\/v2\/pages\/2505"}],"wp:attachment":[{"href":"https:\/\/rccc.ro\/en\/wp-json\/wp\/v2\/media?parent=2552"}],"curies":[{"name":"wp","href":"https:\/\/api.w.org\/{rel}","templated":true}]}}