{"id":2556,"date":"2021-02-08T13:26:41","date_gmt":"2021-02-08T13:26:41","guid":{"rendered":"https:\/\/rccc.ro\/?page_id=2556"},"modified":"2021-02-18T10:40:40","modified_gmt":"2021-02-18T10:40:40","slug":"arhiva-manifestari","status":"publish","type":"page","link":"https:\/\/rccc.ro\/en\/educatie\/arhiva-manifestari\/","title":{"rendered":"Events archive"},"content":{"rendered":"<p><span style=\"font-size: 16px;\"><b><strong>&#8211; 2013 &#8211;<\/strong><\/b><\/span><\/p>\n<p><span style=\"font-size: 16px;\"><a href=\"http:\/\/endoscopycluj.ro\/\"><strong style=\"font-weight: 600;\">Workshop Digestive Endoscopy, 21-23.11.2013, Cluj-Napoca\u00a0<\/strong><\/a>\u00a0\u00a0\u00a0\u00a0\u00a0<a href=\"http:\/\/endoscopycluj.ro\/\">http:\/\/endoscopycluj.ro\/<\/a><\/span><\/p>\n<p><span style=\"font-size: 16px;\">ARCE 2013, 21-23.11.2013, World Trade Center, Bucuresti\u00a0\u00a0\u00a0\u00a0\u00a0\u00a0\u00a0\u00a0\u00a0\u00a0\u00a0http:\/\/www.arcecongres.ro\/<\/span><\/p>\n<p><span style=\"font-size: 16px;\"><a href=\"http:\/\/workshop-pancreas.ro\/2013\/\"><strong style=\"font-weight: 600;\">Workshop: Primul Curs si Simpozion de Boli Pancreatice (26.09.2013) si Al doilea Workshop de Ecoendoscopie in Bolile Pancreatice (27-28.09.2013), Bucuresti, Romania<\/strong><\/a>\u00a0\u00a0<a href=\"http:\/\/workshop-pancreas.ro\/2013\/\">http:\/\/workshop-pancreas.ro\/2013\/<\/a><\/span><\/p>\n<p><span style=\"font-size: 16px;\"><a href=\"http:\/\/www.iasgo2013romania.org\/RO\/\"><strong style=\"font-weight: 600;\">Congresul Mondial IASGO, 18-21.09.2013, Bucuresti<\/strong><\/a>\u00a0http:\/\/www.iasgo2013romania.org\/RO\/<\/span><\/p>\n<p><span style=\"font-size: 16px;\"><a href=\"http:\/\/www.gastro2013.ro\/gastro-2013.html\"><strong style=\"font-weight: 600;\">Simpozionul National de Gastroenterologie, Hepatologie si Endoscopie Digestiva,\u00a0 Timisoara, 12 &#8211; 15 Iunie 2013<\/strong><\/a>\u00a0<a href=\"http:\/\/www.gastro2013.ro\/gastro-2013.html\">http:\/\/www.gastro2013.ro\/gastro-2013.html<\/a><\/span><\/p>\n<p><span style=\"font-size: 16px;\"><a href=\"http:\/\/medevents.ro\/conferintasrumb2013\/\"><strong style=\"font-weight: 600;\">Conferinta Nationala a SRUMB, 30.05-01.06.2013, Oradea, Romania<\/strong><\/a>\u00a0<a href=\"http:\/\/medevents.ro\/conferintasrumb2013\/\">http:\/\/medevents.ro\/conferintasrumb2013\/<\/a><\/span><\/p>\n<p><span style=\"font-size: 16px;\"><a href=\"http:\/\/www.umfcv.ro\/workshop-2013\"><strong style=\"font-weight: 600;\">Workshop: Translational imaging in gastroenterology and surgery, 21-22.03.2013, Craiova, Romania<\/strong><\/a>\u00a0http:\/\/www.umfcv.ro\/workshop-2013<\/span><\/p>\n<p>&nbsp;<\/p>\n<hr \/>\n<p>&nbsp;<\/p>\n<p><span style=\"font-size: 16px;\"><b><strong>-2012-<\/strong><\/b><\/span><\/p>\n<h1 style=\"font-weight: 500;\"><span style=\"font-size: 16px;\">November 22 &#8211; 24, 2012 Digestive Endoscopy Cluj 2012\u00a0<a href=\"http:\/\/endoscopycluj.ro\/arhiva-evenimente\/dec2012\/?lang=en\">http:\/\/endoscopycluj.ro\/arhiva-evenimente\/dec2012\/?lang=en<\/a><\/span><\/h1>\n<h2 style=\"font-weight: 500;\"><span style=\"font-size: 16px;\">Workshop-ul international de Patologie Pancreatica \u2013 rolul practic al ecoendoscopiei, 12 \u2013 13 octombrie 2012\u00a0http:\/\/workshop-pancreas.ro\/2012\/en\/blog\/video-workshop-ul-international-de-patologie-pancreatica-rolul-practic-al-ecoendoscopiei\/<\/span><\/h2>\n<h1 style=\"font-weight: 500;\"><span style=\"font-size: 16px;\">Al XXXII-lea Congres Na\u0163ional de Gastroenterologie, Hepatologie \u015fi Endoscopie Digestiv\u0103<\/span><br \/>\n<span style=\"font-size: 16px;\">Targu Mures, 14-16 iunie 2012\u00a0http:\/\/2012.congres-gastro.ro\/<\/span><\/h1>\n<h1 style=\"font-weight: 500;\"><span style=\"font-size: 16px;\">25-28 aprilie IASGO 2012, Institutul National de Statistica, Bucuresti, Romania\u00a0http:\/\/www.iasgosimpozion.ro\/<\/span><\/h1>\n<p><span style=\"font-size: 16px;\"><a href=\"http:\/\/www.umfcv.ro\/notes-workshop-2012\"><strong style=\"font-weight: 600;\">Interventional Endoscopy and Endoscopic Surgery &#8211; Paving the Way to NOTES (22-23.03.2012)<\/strong><\/a><\/span><\/p>\n<p><span style=\"font-size: 16px;\">http:\/\/www.umfcv.ro\/notes-workshop-2012<\/span><\/p>\n<p>&nbsp;<\/p>\n<hr \/>\n<p>&nbsp;<\/p>\n<p><span style=\"font-size: 16px;\"><b><strong>-2011-<\/strong><\/b><\/span><\/p>\n<p><span style=\"font-size: 16px;\"><a href=\"http:\/\/www.endoscopycluj.ro\/\">Workshop \u201cDigestive Endoscopy Cluj 2011\u201d, Cluj-Napoca, 24 \u2013 26 noiembrie 2011<\/a><\/span><\/p>\n<p><span style=\"font-size: 16px;\"><a href=\"http:\/\/2011.congres-gastro.ro\/\">Al XXXI-lea Simpozion Na\u0163ional de Gastroenterologie, Hepatologie \u015fi Endoscopie Digestiv\u0103, Mamaia, 19-21 mai 2011<\/a><\/span><\/p>\n<p><span style=\"font-size: 16px;\"><a href=\"http:\/\/www.sred.ro\/Program%20NOTES%20Craiova%202011.pdf\">Workshop &#8220;Interventional Endoscopy and Endoscopic Surgery &#8211; Paving the Ways to NOTES&#8221; \u2013 Craiova, 25 \u2013 26 martie 2011<\/a><\/span><\/p>\n<p><span style=\"font-size: 16px;\"><a href=\"http:\/\/www.iasgosimpozion.ro\/\">Al XIII-lea Simpozion al Sectiunii Romane IASGO si Curs Presimpozion, Bucuresti, 13 aprilie 2011<\/a><\/span><\/p>\n<p><span style=\"font-size: 16px;\"><a href=\"http:\/\/www.sred.ro\/coloproctology.html\">Simpozionul International de Coloproctologie, Timisoara, 10-11 iunie 2011<\/a><\/span><br \/>\n<span style=\"font-size: 16px;\">(contact:\u00a0<a href=\"mailto:coloproctologie.tm@gmail.com\">coloproctologie.tm@gmail.com<\/a>)<\/span><\/p>\n<p>&nbsp;<\/p>\n<hr \/>\n<p>&nbsp;<\/p>\n<p><span style=\"font-size: 16px;\"><b><strong>-2010-<\/strong><\/b><\/span><\/p>\n<p><span style=\"font-size: 16px;\">Workshop de Endoscopie Digestiva cu Demonstratii Live. Enteroscopie Spirala si Paliatia in Endoscopia Digestiva, 25-27 nov 2010, Cluj-Napoca, Romania.<\/span><\/p>\n<p><span style=\"font-size: 16px;\">Al XXX-lea Simpozion National de Gastroenterologie, Hepatologie si Endoscopie Digestiva, Craiova, 9-11 iunie 2010.<\/span><\/p>\n<p><span style=\"font-size: 16px;\">Simpozionul Germano-Roman de Coloproctologie, Timisoara, 13-14 mai 2010<\/span><\/p>\n<p>&nbsp;<\/p>\n<hr \/>\n<p>&nbsp;<\/p>\n<p><span style=\"font-size: 16px;\"><b><strong>-2009-<\/strong><\/b><\/span><\/p>\n<p><span style=\"font-size: 16px;\">Al XXIX-lea Simpozion National de Gastroenterologie, Hepatologie si Endoscopie Digestiva, Cluj-Napoca, iunie 2009<\/span><\/p>\n<p><span style=\"font-size: 16px;\">Workshop de Endoscopie Digestiva Diagnostica \u015fi Terapeutica, Cluj-Napoca, 15-16.10.2009<\/span><\/p>\n<p><span style=\"font-size: 16px;\">Al V-lea Congres National ARCE, Bucuresti, 12-14.11.2009<\/span><\/p>\n","protected":false},"excerpt":{"rendered":"<p>&#8211; 2013 &#8211; Workshop Digestive Endoscopy, 21-23.11.2013, Cluj-Napoca\u00a0\u00a0\u00a0\u00a0\u00a0\u00a0http:\/\/endoscopycluj.ro\/ ARCE 2013, 21-23.11.2013, World Trade Center, Bucuresti\u00a0\u00a0\u00a0\u00a0\u00a0\u00a0\u00a0\u00a0\u00a0\u00a0\u00a0http:\/\/www.arcecongres.ro\/ Workshop: Primul Curs si Simpozion de Boli Pancreatice (26.09.2013) si Al doilea Workshop de Ecoendoscopie in Bolile Pancreatice (27-28.09.2013), Bucuresti, Romania\u00a0\u00a0http:\/\/workshop-pancreas.ro\/2013\/ Congresul Mondial IASGO, 18-21.09.2013, Bucuresti\u00a0http:\/\/www.iasgo2013romania.org\/RO\/ Simpozionul National de Gastroenterologie, Hepatologie si Endoscopie Digestiva,\u00a0 Timisoara, 12 &#8211; 15 Iunie 2013\u00a0http:\/\/www.gastro2013.ro\/gastro-2013.html [&hellip;]<\/p>\n","protected":false},"author":1,"featured_media":0,"parent":2505,"menu_order":0,"comment_status":"closed","ping_status":"closed","template":"","meta":{"footnotes":""},"class_list":["post-2556","page","type-page","status-publish","hentry"],"_links":{"self":[{"href":"https:\/\/rccc.ro\/en\/wp-json\/wp\/v2\/pages\/2556","targetHints":{"allow":["GET"]}}],"collection":[{"href":"https:\/\/rccc.ro\/en\/wp-json\/wp\/v2\/pages"}],"about":[{"href":"https:\/\/rccc.ro\/en\/wp-json\/wp\/v2\/types\/page"}],"author":[{"embeddable":true,"href":"https:\/\/rccc.ro\/en\/wp-json\/wp\/v2\/users\/1"}],"replies":[{"embeddable":true,"href":"https:\/\/rccc.ro\/en\/wp-json\/wp\/v2\/comments?post=2556"}],"version-history":[{"count":5,"href":"https:\/\/rccc.ro\/en\/wp-json\/wp\/v2\/pages\/2556\/revisions"}],"predecessor-version":[{"id":3122,"href":"https:\/\/rccc.ro\/en\/wp-json\/wp\/v2\/pages\/2556\/revisions\/3122"}],"up":[{"embeddable":true,"href":"https:\/\/rccc.ro\/en\/wp-json\/wp\/v2\/pages\/2505"}],"wp:attachment":[{"href":"https:\/\/rccc.ro\/en\/wp-json\/wp\/v2\/media?parent=2556"}],"curies":[{"name":"wp","href":"https:\/\/api.w.org\/{rel}","templated":true}]}}