{"id":2583,"date":"2021-02-08T14:25:19","date_gmt":"2021-02-08T14:25:19","guid":{"rendered":"https:\/\/rccc.ro\/?page_id=2583"},"modified":"2021-02-18T10:41:37","modified_gmt":"2021-02-18T10:41:37","slug":"ibd-prospect","status":"publish","type":"page","link":"https:\/\/rccc.ro\/en\/cercetare\/ibd-prospect\/","title":{"rendered":"IBD Prospect"},"content":{"rendered":"<p>Proiectul IBDPROSPECT a fost ini\u021biat \u00een anul 2006 (director de proiect Prof. Dr. Mircea Diculescu), cu finantare CNMP (CEEX 160\/2006), prin parteneriatul a dou\u0103 centre medicale de referin\u021b\u0103:<\/p>\n<div>\n<ul>\n<li>Centrul de Boli Digestive \u0219i Transplant Hepatic Fundeni, Bucure\u0219ti<\/li>\n<li>Clinica Medical\u0103 3, Cluj Napoca.<\/li>\n<\/ul>\n<\/div>\n<div><\/div>\n<div>Scopul proiectului a fost crearea unei infrastructuri informatice de baz\u0103 pentru colectarea de date despre pacien\u021bii cu Boli Inflamatorii Intestinale Cronice la nivel na\u021bional, facilit\u00e2nd astfel urm\u0103rirea evolu\u021biei bolii \u00eentr-o manier\u0103 continu\u0103, prospectiv\u0103.<\/div>\n<div><\/div>\n<div>De la momentul infiin\u021b\u0103rii, baza de date IBDPROSPECT s-a extins continuu, astfel \u00eenc\u00e2t \u00een prezent este posibil accesul utilizatorilor (medici gastroenterologi) din 13 centre dedicate Bolilor Inflamatorii Intestinale, din Bucure\u0219ti, Cluj, Ia\u0219i, Constan\u021ba, Craiova, Oradea, T\u00e2rgu- Mure\u0219 \u0219i Timi\u0219oara, la care se adaug\u0103 un centru din Chi\u0219in\u0103u.<\/div>\n<div>Fiecare utilizator beneficiaz\u0103 de un username \u0219i parol\u0103 proprii. \u00cen acest mod este asigurat accesul \u0219i completarea bazei de date prin ad\u0103ugarea unor noi pacien\u021bi sau actualizarea datelor pacien\u021bilor deja \u00eenrola\u021bi, conform evolu\u021biei bolii.<\/div>\n<div><\/div>\n<div>Acest registru na\u021bional computerizat cuprinde variabile semnificative, precum date epidemiologice, antecedentele patologice personale \u0219i familiale, date de laborator, endoscopice sau histologice, precum \u0219i informa\u021bii privind terapia specific\u0103. Fiecare nou pacient este \u00eenrolat dup\u0103 semnarea unui formular de consim\u021b\u0103m\u00e2nt.<\/div>\n<div><\/div>\n<div>Platforma IBDPROSPECT cuprinde ca date de identificare a pacientului: ini\u021bialele, v\u00e2rsta \u0219i un num\u0103r de \u00eenregistrare unic ce ii este alocat \u00een mod automat. Baza de date IBDPROSPECT permite astfel generarea unor concluzii importante despre dinamica Bolilor Inflamatorii Intestinale la noi \u00een \u021bar\u0103. \u00cen plus, poate fi \u00eembog\u0103\u021bit\u0103 prin adaugarea de noi seturi de variabile specifice unor proiecte viitoare. IBDPROSPECT reprezint\u0103 o structur\u0103 dinamic\u0103, ce se dezvolt\u0103 continuu, prin perseveren\u021ba \u0219i devotamentul medicilor gastroenterologi din centrele ter\u021biare din toata \u021bara, ce au acces la aceast\u0103 baza de date.<\/div>\n","protected":false},"excerpt":{"rendered":"<p>Proiectul IBDPROSPECT a fost ini\u021biat \u00een anul 2006 (director de proiect Prof. Dr. Mircea Diculescu), cu finantare CNMP (CEEX 160\/2006), prin parteneriatul a dou\u0103 centre medicale de referin\u021b\u0103: Centrul de Boli Digestive \u0219i Transplant Hepatic Fundeni, Bucure\u0219ti Clinica Medical\u0103 3, Cluj Napoca. Scopul proiectului a fost crearea unei infrastructuri informatice de baz\u0103 pentru colectarea de [&hellip;]<\/p>\n","protected":false},"author":1,"featured_media":0,"parent":2508,"menu_order":0,"comment_status":"closed","ping_status":"closed","template":"","meta":{"footnotes":""},"class_list":["post-2583","page","type-page","status-publish","hentry"],"_links":{"self":[{"href":"https:\/\/rccc.ro\/en\/wp-json\/wp\/v2\/pages\/2583","targetHints":{"allow":["GET"]}}],"collection":[{"href":"https:\/\/rccc.ro\/en\/wp-json\/wp\/v2\/pages"}],"about":[{"href":"https:\/\/rccc.ro\/en\/wp-json\/wp\/v2\/types\/page"}],"author":[{"embeddable":true,"href":"https:\/\/rccc.ro\/en\/wp-json\/wp\/v2\/users\/1"}],"replies":[{"embeddable":true,"href":"https:\/\/rccc.ro\/en\/wp-json\/wp\/v2\/comments?post=2583"}],"version-history":[{"count":2,"href":"https:\/\/rccc.ro\/en\/wp-json\/wp\/v2\/pages\/2583\/revisions"}],"predecessor-version":[{"id":2785,"href":"https:\/\/rccc.ro\/en\/wp-json\/wp\/v2\/pages\/2583\/revisions\/2785"}],"up":[{"embeddable":true,"href":"https:\/\/rccc.ro\/en\/wp-json\/wp\/v2\/pages\/2508"}],"wp:attachment":[{"href":"https:\/\/rccc.ro\/en\/wp-json\/wp\/v2\/media?parent=2583"}],"curies":[{"name":"wp","href":"https:\/\/api.w.org\/{rel}","templated":true}]}}