{"id":2605,"date":"2021-02-08T14:34:10","date_gmt":"2021-02-08T14:34:10","guid":{"rendered":"https:\/\/rccc.ro\/?page_id=2605"},"modified":"2021-02-11T20:44:55","modified_gmt":"2021-02-11T20:44:55","slug":"centre-dedicate-bii","status":"publish","type":"page","link":"https:\/\/rccc.ro\/en\/pacienti\/centre-dedicate-bii\/","title":{"rendered":"Centre dedicate BII"},"content":{"rendered":"<p><img loading=\"lazy\" decoding=\"async\" class=\"alignnone wp-image-2789 size-full\" src=\"https:\/\/rccc.ro\/wp-content\/uploads\/2021\/02\/centrul-dedicat-pacientilor.jpeg\" alt=\"\" width=\"500\" height=\"116\" srcset=\"https:\/\/rccc.ro\/wp-content\/uploads\/2021\/02\/centrul-dedicat-pacientilor.jpeg 500w, https:\/\/rccc.ro\/wp-content\/uploads\/2021\/02\/centrul-dedicat-pacientilor-400x93.jpeg 400w, https:\/\/rccc.ro\/wp-content\/uploads\/2021\/02\/centrul-dedicat-pacientilor-367x85.jpeg 367w, https:\/\/rccc.ro\/wp-content\/uploads\/2021\/02\/centrul-dedicat-pacientilor-494x116.jpeg 494w\" sizes=\"auto, (max-width: 500px) 100vw, 500px\" \/><br \/>\nCentrele dedicate pacien\u021bilor cu Boli Inflamatorii Intestinale reprezint\u0103 organiza\u021bii non-guvernamentale, apolitice, cu caracter medical \u0219i social, care \u00ee\u0219i propune s\u0103 contribuie la \u00eembun\u0103t\u0103\u021birea standardelor de tratament pentru pacien\u021bii cu boli inflamatorii intestinale.<\/p>\n<p>Echipa medical\u0103 include lideri de opinie \u0219i exper\u021bi \u00een domeniul bolilor inflamatorii intestinale, cu o vast\u0103 experien\u021b\u0103 \u00een managementul acestor afec\u021biuni.<\/p>\n<p>&nbsp;<\/p>\n<div>\n<hr id=\"ht\" \/>\n<p><b><a href=\"http:\/\/bii.icfundeni.ro\/\">Centrul dedicat BII &#8211; Bucure\u0219ti (IC Fundeni)<\/a><\/b><\/p>\n<p>&nbsp;<\/p>\n<hr id=\"ht\" \/>\n<p><b><a href=\"http:\/\/bii.irgh.ro\/\">Centrul dedicat pacientilor cu BII &#8211; Cluj Napoca<\/a><\/b><\/p>\n<\/div>\n","protected":false},"excerpt":{"rendered":"<p>Centrele dedicate pacien\u021bilor cu Boli Inflamatorii Intestinale reprezint\u0103 organiza\u021bii non-guvernamentale, apolitice, cu caracter medical \u0219i social, care \u00ee\u0219i propune s\u0103 contribuie la \u00eembun\u0103t\u0103\u021birea standardelor de tratament pentru pacien\u021bii cu boli inflamatorii intestinale. Echipa medical\u0103 include lideri de opinie \u0219i exper\u021bi \u00een domeniul bolilor inflamatorii intestinale, cu o vast\u0103 experien\u021b\u0103 \u00een managementul acestor afec\u021biuni. &nbsp; Centrul [&hellip;]<\/p>\n","protected":false},"author":1,"featured_media":0,"parent":2518,"menu_order":0,"comment_status":"closed","ping_status":"closed","template":"","meta":{"footnotes":""},"class_list":["post-2605","page","type-page","status-publish","hentry"],"_links":{"self":[{"href":"https:\/\/rccc.ro\/en\/wp-json\/wp\/v2\/pages\/2605","targetHints":{"allow":["GET"]}}],"collection":[{"href":"https:\/\/rccc.ro\/en\/wp-json\/wp\/v2\/pages"}],"about":[{"href":"https:\/\/rccc.ro\/en\/wp-json\/wp\/v2\/types\/page"}],"author":[{"embeddable":true,"href":"https:\/\/rccc.ro\/en\/wp-json\/wp\/v2\/users\/1"}],"replies":[{"embeddable":true,"href":"https:\/\/rccc.ro\/en\/wp-json\/wp\/v2\/comments?post=2605"}],"version-history":[{"count":2,"href":"https:\/\/rccc.ro\/en\/wp-json\/wp\/v2\/pages\/2605\/revisions"}],"predecessor-version":[{"id":2917,"href":"https:\/\/rccc.ro\/en\/wp-json\/wp\/v2\/pages\/2605\/revisions\/2917"}],"up":[{"embeddable":true,"href":"https:\/\/rccc.ro\/en\/wp-json\/wp\/v2\/pages\/2518"}],"wp:attachment":[{"href":"https:\/\/rccc.ro\/en\/wp-json\/wp\/v2\/media?parent=2605"}],"curies":[{"name":"wp","href":"https:\/\/api.w.org\/{rel}","templated":true}]}}