{"id":2628,"date":"2021-02-08T14:53:23","date_gmt":"2021-02-08T14:53:23","guid":{"rendered":"https:\/\/rccc.ro\/?page_id=2628"},"modified":"2021-02-11T20:33:13","modified_gmt":"2021-02-11T20:33:13","slug":"pacientul-stomizat-adevar-si-provocare","status":"publish","type":"page","link":"https:\/\/rccc.ro\/en\/pacienti\/actiuni-aspiir\/pacientul-stomizat-adevar-si-provocare\/","title":{"rendered":"Pacientul stomizat &#8211; adev\u0103r \u0219i provocare"},"content":{"rendered":"<section class=\"wpb-content-wrapper\"><p>[vc_row][vc_column][vc_column_text]<\/p>\n<div>\u201ePacientul stomizat &#8211; adev\u0103r \u0219i provocare \u00een practica medicului de familie\u201d<\/div>\n<div>Workshop ASPIIR si GastRO Grup SNMF\/ GP in IBD project<\/div>\n<div>Conferin\u021ba de Medicina Familiei , editia a XV-a, Bucuresti<\/div>\n<div>\u201eEchilibrul delicat \u00eentre \u0219tiin\u021b\u0103, art\u0103 \u0219i comunicare\u201d<\/div>\n<div>30 martie 2019, Crystal Palace Ballrooms, Bucuresti<\/div>\n<div><\/div>\n<div>Dup\u0103 interven\u021bia chirurgical\u0103 soldat\u0103 cu stoma temporar\u0103 sau permanent\u0103, pentru a pune intestinul \u00een repaus \u0219i a permite stingerea activit\u0103\u021bii inflamatorii, pacientul stomizat trebuie sus\u021binut de cadrele medicale- medici si asistente,dar \u0219i de familie pentru a \u00eenv\u0103\u021ba s\u0103 gestioneze noua situa\u021bie si noul mod de via\u021b\u0103.<\/div>\n<div>Contactul permanent cu asistenta specializat\u0103 \u00een \u00eengrijire sau\/\u0219i cu medicul de familie, dar \u0219i cu grupuri de pacien\u021bi cu acela\u0219i tip de probleme, este esen\u021bial pentru dep\u0103\u0219irea problemelor medicale \u0219i psihologice care apar.<\/div>\n<div>Ajutorul calificat presupune interven\u021bia imediat postoperator de c\u0103tre asistenta specializat\u0103, \u00eengrijirea fiind preluat\u0103 la externare de c\u0103tre echipa medicului de familie sau asisten\u021ba de \u00eengrijiri la domiciliu. Efortul echipei medicale vizeaz\u0103 dob\u00eendirea de c\u0103tre pacient a autonomiei \u0219i confortului necesar unei vie\u021bi normale.<\/div>\n<div>Atelierul realizat de ASPIIR (Asocia\u021bia Persoanelor cu Boli Inflamatorii Intestinale din Rom\u00e2nia) si GastRO Grup al SNMF, in 30 martie, cu sprijinul doamnei asistent Georgeta Pasarin, Sec\u021bia de Chirurgie General\u0103 din Institutul Clinic Fundeni, s-a adresat medicilor de familie si \u0219i-a propus s\u0103 ating\u0103 aspectele esen\u021biale ale abord\u0103rii unui astfel de pacient de c\u0103tre medicului de familie si echipa sa din cabinetul de medicina de familie.<\/div>\n<div>ASPIIR a urmarit, prin acest workshop, sa sensibilizeze Medicii de Familie asupra problemelor pacientului stomizat , sa ii ajute sa dobandeasca notiuni de baza privind ingrijirea pacientului purtator de stoma si recunoasterea semnalelor sugestive ale unor eventuale complicatii.<\/div>\n<div>Ne-am propus ca, la sf\u00e2r\u0219itul atelierului, participan\u021bii s\u0103 poata enumera si identificea cel pu\u021bin 3 tipuri de stome digestive; sa constientizeze si sa recunoasca eventuale complicatii ce pot aparea la pacientul stomizat; sa recunoasc\u0103 tipurile de dispozitive medicale de protezare a stomelor; sa poata r\u0103spunde la cel pu\u021bin 3 dintre cele mai frecvente \u00eentreb\u0103ri ale pacientului stomizat.<\/div>\n<div>Atelier derulat in parteneriat cu GastRO Grup din SNMF, cu sprijinul doamnei asistent Georgeta Pasarin si cu contributia OrtoProfil Tg. Mures.<\/div>\n<p>[\/vc_column_text][\/vc_column][\/vc_row][vc_row][vc_column][vc_gallery type=&#8221;image_grid&#8221; images=&#8221;2899,2900,2901,2902&#8243;][\/vc_column][\/vc_row]<\/p>\n<\/section>","protected":false},"excerpt":{"rendered":"<p>[vc_row][vc_column][vc_column_text] \u201ePacientul stomizat &#8211; adev\u0103r \u0219i provocare \u00een practica medicului de familie\u201d Workshop ASPIIR si GastRO Grup SNMF\/ GP in IBD project Conferin\u021ba de Medicina Familiei , editia a XV-a, Bucuresti \u201eEchilibrul delicat \u00eentre \u0219tiin\u021b\u0103, art\u0103 \u0219i comunicare\u201d 30 martie 2019, Crystal Palace Ballrooms, Bucuresti Dup\u0103 interven\u021bia chirurgical\u0103 soldat\u0103 cu stoma temporar\u0103 sau permanent\u0103, pentru [&hellip;]<\/p>\n","protected":false},"author":1,"featured_media":0,"parent":2599,"menu_order":0,"comment_status":"closed","ping_status":"closed","template":"","meta":{"footnotes":""},"class_list":["post-2628","page","type-page","status-publish","hentry"],"_links":{"self":[{"href":"https:\/\/rccc.ro\/en\/wp-json\/wp\/v2\/pages\/2628","targetHints":{"allow":["GET"]}}],"collection":[{"href":"https:\/\/rccc.ro\/en\/wp-json\/wp\/v2\/pages"}],"about":[{"href":"https:\/\/rccc.ro\/en\/wp-json\/wp\/v2\/types\/page"}],"author":[{"embeddable":true,"href":"https:\/\/rccc.ro\/en\/wp-json\/wp\/v2\/users\/1"}],"replies":[{"embeddable":true,"href":"https:\/\/rccc.ro\/en\/wp-json\/wp\/v2\/comments?post=2628"}],"version-history":[{"count":3,"href":"https:\/\/rccc.ro\/en\/wp-json\/wp\/v2\/pages\/2628\/revisions"}],"predecessor-version":[{"id":2903,"href":"https:\/\/rccc.ro\/en\/wp-json\/wp\/v2\/pages\/2628\/revisions\/2903"}],"up":[{"embeddable":true,"href":"https:\/\/rccc.ro\/en\/wp-json\/wp\/v2\/pages\/2599"}],"wp:attachment":[{"href":"https:\/\/rccc.ro\/en\/wp-json\/wp\/v2\/media?parent=2628"}],"curies":[{"name":"wp","href":"https:\/\/api.w.org\/{rel}","templated":true}]}}