{"id":2648,"date":"2021-02-08T20:57:30","date_gmt":"2021-02-08T20:57:30","guid":{"rendered":"https:\/\/rccc.ro\/?page_id=2648"},"modified":"2021-02-12T08:46:00","modified_gmt":"2021-02-12T08:46:00","slug":"termeni-si-conditii","status":"publish","type":"page","link":"https:\/\/rccc.ro\/en\/termeni-si-conditii\/","title":{"rendered":"Termeni \u015fi condi\u0163ii"},"content":{"rendered":"<p>Intreg con\u021binutul site-ului este proprietatea Asocia\u0163ia \u201cClubul Rom\u00e2n de boal\u0103 Crohn \u015fi colit\u0103 ulcerativ\u0103\u201d (RCCC). Este interzis\u0103 reproducerea par\u021bial\u0103 sau integral\u0103 a materialelor de pe acest site f\u0103r\u0103 acordul proprietarului.<br \/>\nSite-ul www.rccc.ro func\u021bioneaz\u0103 conform legisla\u021biei rom\u00e2ne \u00een vigoare.<br \/>\nRCCC nu poate fi tras\u0103 la r\u0103spundere pentru niciun fel de daune, indiferent de natura acestora, ca rezultat al utiliz\u0103rii site-ului \u015fi serviciilor oferite prin intermediul acestuia sau ca urmare a imposibilit\u0103\u0163ii utiliz\u0103rii acestora.<br \/>\nDe\u0219i con\u021binutul site-ului este actualizat zilnic, exist\u0103 posibilitatea ca sa apara anumite disfunctionalitati ale site-ului cu privire la sistemul de inregistrari la Congres. \u00cen aceast\u0103 situa\u021bie puteti sa ne contactati pe mailul office.rccc@gmail.com<br \/>\nRCCC \u00ee\u015fi rezerv\u0103 dreptul de a modifica oric\u00e2nd termenii \u015fi condi\u0163iile de fa\u0163\u0103, f\u0103r\u0103 vreo notificare prealabil\u0103.<br \/>\nUtilizarea site-ului www.rccc.ro presupune c\u0103 sunte\u021bi de acord cu termenii \u0219i condi\u021biile de mai sus.<br \/>\nConciliere<br \/>\n\u00cen cazul \u00een care apar orice probleme, v\u0103 asigur\u0103m c\u0103 vom face tot posibilul s\u0103 remediem situa\u021bia ap\u0103rut\u0103.<br \/>\nPentru acest caz \u0219i pentru nemul\u021bumirile de orice fel care nu sunt rezolvate \u00eentr-un mod convenabil pentru dumneavoastr\u0103 \u0219i \u00eentr-o manier\u0103 profesionist\u0103 de c\u0103tre reprezentan\u021bii RCCC.<\/p>\n","protected":false},"excerpt":{"rendered":"<p>Intreg con\u021binutul site-ului este proprietatea Asocia\u0163ia \u201cClubul Rom\u00e2n de boal\u0103 Crohn \u015fi colit\u0103 ulcerativ\u0103\u201d (RCCC). Este interzis\u0103 reproducerea par\u021bial\u0103 sau integral\u0103 a materialelor de pe acest site f\u0103r\u0103 acordul proprietarului. Site-ul www.rccc.ro func\u021bioneaz\u0103 conform legisla\u021biei rom\u00e2ne \u00een vigoare. RCCC nu poate fi tras\u0103 la r\u0103spundere pentru niciun fel de daune, indiferent de natura acestora, ca [&hellip;]<\/p>\n","protected":false},"author":1,"featured_media":0,"parent":0,"menu_order":0,"comment_status":"closed","ping_status":"closed","template":"","meta":{"footnotes":""},"class_list":["post-2648","page","type-page","status-publish","hentry"],"_links":{"self":[{"href":"https:\/\/rccc.ro\/en\/wp-json\/wp\/v2\/pages\/2648","targetHints":{"allow":["GET"]}}],"collection":[{"href":"https:\/\/rccc.ro\/en\/wp-json\/wp\/v2\/pages"}],"about":[{"href":"https:\/\/rccc.ro\/en\/wp-json\/wp\/v2\/types\/page"}],"author":[{"embeddable":true,"href":"https:\/\/rccc.ro\/en\/wp-json\/wp\/v2\/users\/1"}],"replies":[{"embeddable":true,"href":"https:\/\/rccc.ro\/en\/wp-json\/wp\/v2\/comments?post=2648"}],"version-history":[{"count":2,"href":"https:\/\/rccc.ro\/en\/wp-json\/wp\/v2\/pages\/2648\/revisions"}],"predecessor-version":[{"id":2958,"href":"https:\/\/rccc.ro\/en\/wp-json\/wp\/v2\/pages\/2648\/revisions\/2958"}],"wp:attachment":[{"href":"https:\/\/rccc.ro\/en\/wp-json\/wp\/v2\/media?parent=2648"}],"curies":[{"name":"wp","href":"https:\/\/api.w.org\/{rel}","templated":true}]}}