{"id":2650,"date":"2021-02-08T20:58:03","date_gmt":"2021-02-08T20:58:03","guid":{"rendered":"https:\/\/rccc.ro\/?page_id=2650"},"modified":"2021-02-12T08:46:42","modified_gmt":"2021-02-12T08:46:42","slug":"gdpr","status":"publish","type":"page","link":"https:\/\/rccc.ro\/en\/gdpr\/","title":{"rendered":"GDPR"},"content":{"rendered":"<p>POLITICA PRIVIND PROTECTIA DATELOR CU CARACTER PERSONAL<\/p>\n<p>RCCC. (persoan\u0103 juridic\u0103 de na\u021bionalitate rom\u00e2n\u0103, av\u00e2nd sediul social la Institutul Clinic Fundeni, Sos. Fundeni 258, Sector 2, Bucuresti, cu cod unic de \u00eenregistrare fiscal\u0103 25678662, prelucreaz\u0103 date personale, \u00een calitate de operator de date cu caracter personal, \u00een scopuri legitime.<br \/>\nPrelucrarea datelor cu caracter personal se realizeaz\u0103 cu respectarea prevederilor Regulamentului (UE) 2016\/679 (denumit \u00een continuare \u201cGDPR\u201d), aplicabil \u00eencep\u00e2nd cu data de 25 mai 2018, precum \u0219i a cerin\u021belor impuse de legisla\u021bia na\u021bional\u0103.<br \/>\nPrelucrarea datelor cu caracter personal se realizeaz\u0103 \u00een condi\u021bii care s\u0103 asigure confiden\u021bialitatea \u0219i securitatea datelor personale, precum \u015fi respectarea drepturilor dumneavoastr\u0103, \u00een calitate de persoan\u0103 vizat\u0103 de prelucrare.<br \/>\n\u00cen prezenta Politic\u0103 privind protec\u021bia datelor cu caracter personal, v\u0103 vom explica, pe scurt, at\u00e2t ce \u00eenseamn\u0103 \u201cdate cu caracter personal\u201d \u0219i prelucrarea acestora, precum \u0219i ce date colect\u0103m de la dvs., \u00een ce scopuri le folosim \u0219i care este temeiul legal \u00een baza c\u0103ruia le folosim (prelucr\u0103m). Ne adresam direct persoanelor care doresc s\u0103 participe la congrese sau alte evenimente cu caracter medical organizate de RCCC sau dac\u0103 sunte\u021bi simpli vizitatori ai site-ului nostru.<br \/>\nDe asemenea, v\u0103 vom explica cine are acces la datele dvs. personale, care este perioada de stocare a datelor, precum \u0219i ce drepturi ave\u021bi \u00een leg\u0103tur\u0103 cu prelucrarea datelor dvs. cu caracter personal \u0219i unde v\u0103 pute\u021bi exercita aceste drepturi, inclusiv dreptul de a v\u0103 opune prelucr\u0103rii sau de a v\u0103 retrage consim\u021b\u0103m\u00e2ntul pentru prelucrare exprimat anterior.<br \/>\nCe \u00eenseamn\u0103 datele cu caracter personal (datele personale)?<br \/>\nDatele cu caracter personal sunt orice informa\u021bii referitoare la o persoan\u0103 fizic\u0103 identificat\u0103 sau care poate fi identificat\u0103, direct sau indirect.<\/p>\n<p>Ce \u00eenseamn\u0103 prelucrarea datelor cu caracter personal (datelor personale)?<br \/>\nPrelucrarea datelor personale \u00eenseamn\u0103 orice opera\u021biune sau set de opera\u021biuni efectuate asupra datelor cu caracter personal, cu sau f\u0103r\u0103 utilizarea de mijloace automatizate, precum colectarea, \u00eenregistrarea, utilizarea, organizarea, consultarea, combinarea, stocarea, modificarea, extragerea, transmiterea, blocarea, restric\u021bionarea, \u0219tergerea, distrugerea, arhivarea datelor cu caracter personal etc.<\/p>\n<p>Cui apar\u021bin datele personale pe care le prelucr\u0103m (sau cine sunt persoanele vizate de prelucrare)?<br \/>\nPersoanele vizate de prelucrarea de c\u0103tre RCCC a datelor personale pot apar\u021bine urm\u0103toarelor categorii:<br \/>\na) Participan\u021bii la evenimente cu caracter medical organizate de RCCC \u00a0si Membrii RCCC.<br \/>\nb) Persoane care viziteaz\u0103 site-ul www.RCCC.ro;<\/p>\n<p>De unde ob\u021binem datele dvs. personale?<br \/>\nColect\u0103m datele cu caracter personal direct de la dvs., fie \u00een momentul \u00een care ne accesa\u021bi site-ul (prin module cookies), fie \u00een momentul \u00een care ne contacta\u021bi prin intermediul formularului de contact pus la dispozi\u021bie pe site-ul www.RCCC.ro ori \u00een momentul \u00een care v\u0103 \u00eenregistra\u021bi pentru participarea la un eveniment organizat de RCCC.<\/p>\n<p>Ce date cu caracter personal prelucr\u0103m, de ce le prelucr\u0103m \u0219i \u00een baza c\u0103rui temei legal?<br \/>\nRCCC prelucreaz\u0103 date, \u00een calitate de operator de date cu caracter personal, \u00een func\u021bie de categoria\/categoriile urm\u0103toare \u00een care v\u0103 reg\u0103si\u021bi:<\/p>\n<ol>\n<li>DAC\u0102 DORI\u021aI S\u0102 PARTICIPA\u021aI LA CONFERIN\u021aE ORGANIZATE DE RCCC<br \/>\n1. PRELUCRARE \u00ceN BAZA CONSIM\u021a\u0102M\u00c2NTULUI DVS.<br \/>\n1) Prelucrarea datelor \u00een scopul \u00eenregistr\u0103rii \u0219i particip\u0103rii la congrese sau alte evenimente cu caracter medical organizate de RCCC<br \/>\nScopurile prelucr\u0103rii datelor personale \u00een baza consim\u021b\u0103m\u00e2ntului dvs. explicit sunt \u00eenregistrarea \u0219i participarea la congresele sau alte evenimente cu caracter medical organizate de RCCC (denumite \u00een continuare \u201cevenimente RCCC\u201d), incluz\u00e2nd:<br \/>\n\u2022 Perceperea taxei de participare la evenimentele RCCC;<br \/>\n\u2022 Efectuarea de rezerv\u0103ri, asigurarea caz\u0103rii \u0219i a transportului, dac\u0103 este cazul;<br \/>\n\u2022 Emiterea de ecusoane, premise de participare, programului de participare la evenimentele RCCC;<br \/>\n\u2022 Verificarea prezen\u021bei la evenimentele RCCC;<br \/>\n\u2022 Asigurarea comunic\u0103rii cu participan\u021bii la evenimentele RCCC, precum: primirea lucr\u0103rilor \u0219tiin\u021bifice care vor fi sus\u021binute \u00een cadrul evenimentelor RCCC \/rezumatelor lucr\u0103rilor \u0219tiin\u021bifice \u0219i transmiterea de r\u0103spunsuri \u00een leg\u0103tur\u0103 cu acestea, asigurarea comunic\u0103rii cu participan\u021bii care solicit\u0103 informa\u021bii suplimentare \u00een leg\u0103tur\u0103 cu evenimentele RCCC;<br \/>\n\u2022 Acordarea de premii pentru diverse lucr\u0103ri sus\u021binute \u00een cadrul evenimentelor RCCC;<br \/>\n\u2022 Emiterea diplomelor de participare la evenimentele RCCC;<br \/>\n\u2022 Alte activit\u0103\u021bi inerente pentru desf\u0103\u0219urarea evenimentelor RCCC.<br \/>\nCategoriile de date personale prelucrate \u00een scopurile enumerate anterior sunt cele men\u021bionate \u00een formularul de \u00eenscriere online la evenimentul organizat de RCCC, respectiv:<br \/>\n\u2022 Date de identificare(nume \u0219i prenume; nr. de membru \u00een cadrul Colegiului Medicilor din Rom\u00e2nia;<br \/>\n\u2022 Date bancare(nr. contului bancar, banca \u0219i sucursala la care acesta este deschis);<br \/>\n\u2022 Date de contact(adres\u0103 de e-mail, nr. de telefon);<br \/>\n\u2022 Date referitoare la activitatea profesional\u0103(profesia \u0219i specialitatea din care face\u021bi parte, gradul profesional \u0219i universitar, locul de munc\u0103 actual).<br \/>\nAve\u021bi dreptul s\u0103 nu fi\u021bi de acord cu prelucrarea datelor personale enumerate \u00een scopurile de mai sus, \u00eens\u0103 \u00een acest caz nu ve\u021bi putea s\u0103 v\u0103 \u00eenscrie\u021bi \u0219i s\u0103 participa\u021bi la evenimentele RCCC. V\u0103 pute\u021bi retrage oric\u00e2nd consim\u021b\u0103m\u00e2ntul acordat anterior, dar prelucrarea efectuat\u0103 anterior retragerii consim\u021b\u0103m\u00e2ntului va r\u0103m\u00e2ne valabil\u0103 \u0219i legal\u0103.<br \/>\n2) Prelucrarea datelor \u00een scopul transmiterii acestora la Colegiul Medicilor din Rom\u00e2nia<br \/>\nUrm\u0103toarele categorii de date cu caracter personal pot fi folosite pentru transmiterea c\u0103tre Colegiul Medicilor din Rom\u00e2nia \u00een vederea dovedirii form\u0103rii profesionale continue a participan\u021bilor la evenimentele RCCC (pentru acumularea punctelor EMC de c\u0103tre participan\u021bi):<br \/>\n\u2022 Date de identificare(nume \u0219i prenume; nr. de membru \u00een cadrul Colegiului Medicilor din Rom\u00e2nia);<br \/>\n\u2022 Date referitoare la activitatea profesional\u0103(profesia \u0219i specialitatea din care face\u021bi parte, gradul profesional \u0219i universitar, locul de munc\u0103 actual).<br \/>\nAve\u021bi dreptul s\u0103 nu fi\u021bi de acord cu aceast\u0103 prelucrare a datelor personale, caz \u00een care ve\u021bi putea s\u0103 v\u0103 \u00eenscrie\u021bi \u0219i s\u0103 participa\u021bi la evenimentele SRE, \u00eens\u0103 transferul datelor c\u0103tre Colegiul Medicilor din Rom\u00e2nia nu va fi efectuat. V\u0103 pute\u021bi retrage oric\u00e2nd consim\u021b\u0103m\u00e2ntul acordat anterior, \u00eens\u0103 prelucrarea efectuat\u0103 anterior retragerii consim\u021b\u0103m\u00e2ntului va r\u0103m\u00e2ne valabil\u0103 \u0219i legal\u0103.<br \/>\n1. PRELUCRARE \u00ceN BAZA INTERESULUI LEGITIM AL RCCC<br \/>\nRCCC are interesul legim de a-\u0219i promova activitatea at\u00e2t c\u0103tre personalul de specialitate, c\u00e2t \u0219i c\u0103tre publicul larg.<br \/>\nModalitatea prin care RCCC \u00ee\u0219i poate promova activitatea este aceea de a posta pe site-ul propriu poze de la evenimentele organizate, motiv pentru este necesar\u0103 prelucrarea imaginii participan\u021bilor la respectivele evenimente.<br \/>\nAstfel, imaginea participan\u021bilor la un eveniment RCCC poate fi prelucrat\u0103 cu scopul de a promova respectivului eveniment.<br \/>\n\u00cen momentul \u00eenscrierii la evenimentul RCCC, poten\u021bialii participan\u021bi vor fi informa\u021bi \u00een leg\u0103tur\u0103 cu aceast\u0103 prelucrare de date personale efectuat\u0103 \u00een baza interesului legitim al RCCC.<br \/>\nConcluzion\u00e2nd, dac\u0103 dori\u021bi s\u0103 participa\u021bi la un eveniment organizat de RCCC, trebuie s\u0103 ave\u021bi \u00een vedere faptul c\u0103 la respectivul eveniment se pot face fotografii care vor putea fi publicate pe site-ul www.RCCC.ro.<\/li>\n<li>DAC\u0102 VIZITA\u021aI SITE-UL NOSTRU<br \/>\nV\u0103 rug\u0103m s\u0103 citi\u021bi cu aten\u021bie Politica privind cookies a site-ului nostru.<\/li>\n<\/ol>\n<p>III. PRECIZ\u0102RI VALABILE PENTRU TOATE CATEGORIILE DE PERSOANE VIZATE<br \/>\nPutem transmite datele dvs. cu caracter personal c\u0103tre institu\u021bii \u0219i\/sau autorit\u0103\u021bi publice (precum poli\u021bie, parchet, instan\u021be judec\u0103tore\u0219ti, executori judec\u0103tore\u0219ti etc.) la solicitarea acestora, dac\u0103 trasferul datelor este necesar, iar solicitarea are la baz\u0103 un temei legal.<br \/>\n\u00cen plus, vom depune toate eforturile necesare pentru ca datele dvs. s\u0103 nu p\u0103r\u0103seasc\u0103 Spa\u021biul Economic European (SEE). \u00cen m\u0103sura \u00een care va trebui s\u0103 transfer\u0103m datele dvs. personale \u00een afara SEE, ne vom asigur\u0103 c\u0103 acest transfer este legitim \u0219i sigur, av\u00e2nd la baz\u0103<br \/>\nconsim\u021b\u0103m\u00e2ntul dvs. informat \u0219i explicit ori alt temei legal prev\u0103zut de GDPR.<\/p>\n<p>C\u00e2t timp p\u0103str\u0103m (stoc\u0103m datele dvs.)?<br \/>\nStoc\u0103m datele dvs. cu caracter personal doar pe perioada necesar\u0103 \u00eendeplinirii scopurilor prelucr\u0103rii, care difer\u0103 de la caz la caz.<br \/>\n\u00cen cazul \u00een care prelucrarea datelor se efectueaz\u0103 \u00een baza consim\u021b\u0103m\u00e2ntului dvs., acestea nu vor mai fi prelucrate dup\u0103 ce v\u0103 retrage\u021bi consim\u021b\u0103m\u00e2ntul. Retragerea consim\u021b\u0103m\u00e2ntului nu va afecta \u00eens\u0103 valabilitatea si legalitatea prelucr\u0103rii efectuate anterior.<br \/>\nUlterior, datele dvs. cu caracter personal vor fi distruse sau \u0219terse din sistemele informatice sau transformate \u00een date anonime pentru a fi utilizate \u00een scopuri de cercetare \u0219tiin\u021bific\u0103, istoric\u0103 sau statistic\u0103.<br \/>\nCu toate acestea, \u00een anumite situa\u021bii expres reglementate, vom putea stoca datele dvs. pe o perioad\u0103 mai lung\u0103, dac\u0103 legea ne oblig\u0103 \u00een acest sens.<\/p>\n<p>Care sunt drepturile dvs. \u0219i cum vi le pute\u021bi exercita?<br \/>\nDrepturile dvs. conform Regulamentului GDPR sunt urm\u0103toarele:<br \/>\n\u2022 Dreptul de a fi informat cu privire la prelucrarea datelor dvs. \u2013 dreptul de a primi informa\u021bii detaliate cu privire la activit\u0103\u021bile de prelucrare efectuate de RCCC, conform celor men\u021bionate \u00een prezenta Politic\u0103 privind protec\u021bia datelor cu caracter personal;<br \/>\n\u2022 Dreptul de acces asupra datelor\u2013 pute\u021bi solicita \u0219i ob\u021bine confirmarea faptului c\u0103 datele dvs. cu caracter personal sunt prelucrate sau nu de c\u0103tre RCCC, iar \u00een caz afirmativ, pute\u021bi solicita accesul la acestea. La cerere, RCCC v\u0103 va elibera \u0219i o copie a datelor dvs. cu caracter personal prelucrate.<br \/>\n\u2022 Dreptul la rectificarea datelor\u2013 dreptul de a ob\u021bine rectificarea datelor cu caracter personal inexacte \u0219i completarea celor incomplete;<br \/>\n\u2022 Dreptul la \u0219tergerea datelor(\u201cdreptul de a fi uitat\u201d) \u2013 pute\u021bi ob\u021bine \u0219tergerea datelor personale \u00een situa\u021biile expres reglementate de lege, \u00een special \u00een cazul retragerii consim\u021b\u0103m\u00e2ntului sau \u00een cazul \u00een care se constat\u0103 c\u0103 prelucrarea datelor cu caracter personal nu a fost legal\u0103. Cu toate acestea, RCCC poate anonimiza respectivele date \u0219i continua prelucrarea \u00een scopuri statistice.<br \/>\n\u2022 Dreptul la restric\u021bionarea prelucr\u0103rii\u2013 \u00een situa\u021biile expres reglementate de lege, \u00een special \u00een cazul \u00een care contesta\u021bi exactitatea respectivelor date personale (pe perioada necesar\u0103 pentru a analiza dac\u0103 acele date sunt sau nu exacte) ori \u00een cazul \u00een care prelucrarea se dovede\u0219te a fi ilegal\u0103, dar dvs. nu dori\u021bi \u0219tergerea respectivelor date, ci doar restric\u021bionarea prelucr\u0103rii;<br \/>\n\u2022 Dreptul de opozi\u021bie\u2013 v\u0103 pute\u021bi opune \u00een orice moment prelucr\u0103rii datelor dvs. personale \u00eentemeiate pe interesul legitim al RCCC, din motive precum situa\u021bia particular\u0103 \u00een care v\u0103 afla\u021bi;<br \/>\n\u2022 Dreptul la portabilitatea datelor\u2013 pute\u021bi solicita transferul datelor dvs. cu caracter personal c\u0103tre un alt operator de date, \u00eentr-un format structurat, care poate fi citit automat. Acest drept este aplicabil numai \u00een cazul \u00een care prelucrarea datelor personale are ca temei legal consim\u021b\u0103m\u00e2ntul dvs., iar prelucrarea este efectuat\u0103 prin mijloace automate;<br \/>\n\u2022 Dreptul de retragere a consim\u021b\u0103m\u00e2ntului\u2013 \u00een cazurile \u00een care prelucrarea datelor personale se \u00eentemeiaz\u0103 pe consim\u021b\u0103m\u00e2nt, acesta poate fi retras oric\u00e2nd, \u00een mod gratuit \u0219i f\u0103r\u0103 s\u0103 fie necesar s\u0103 v\u0103 motiva\u021bi \u00een vreun fel op\u021biunea. Retragerea consim\u021b\u0103m\u00e2ntului va produce efecte doar pentru viitor, prelucrarea efectuat\u0103 anterior retragerii r\u0103m\u00e2n\u00e2nd \u00een continuare valabil\u0103 \u0219i legal\u0103;<br \/>\n\u2022 Drepturi suplimentare aferente deciziilor automate de prelucrare a datelor care ar putea fi luate de c\u0103tre RCCC \u2013 \u00een cazul \u00een care RCCC ia decizii automate \u00een leg\u0103tur\u0103 cu datele dvs. personale, pute\u021bi fie s\u0103 cere\u021bi \u0219i s\u0103 ob\u021bine\u021bi interven\u021bia uman\u0103, fie s\u0103 v\u0103 exprima\u021bi punctul de vedere cu privire la respectiva prelucrare ori s\u0103 contesta\u021bi decizia automat\u0103.<br \/>\n\u2022 Dreptul de a depune pl\u00e2ngere\u2013 dac\u0103 considera\u021bi c\u0103 acest lucru este necesar, pute\u021bi depune pl\u00e2ngere \u00een leg\u0103tur\u0103 cu modalitatea de prelucrare de c\u0103tre RCCC a datelor cu caracter personal at\u00e2t la Autoritatea Na\u021bional\u0103 de Supraveghere a Prelucr\u0103rii Datelor cu Caracter Personal (ANSPDCP), c\u00e2t \u0219i \u00een fa\u021ba instan\u021bei judec\u0103tore\u0219ti competente.<br \/>\nCu toate acestea, este important de re\u021binut faptul c\u0103 drepturile enumerate mai sus nu sunt drepturi absolute. Prin urmare, exist\u0103 excep\u021bii cu privire la exercitarea acestora, motiv pentru care fiecare cerere primit\u0103 va fi analizat\u0103 astfel \u00eenc\u00e2t s\u0103 putem decide dac\u0103 aceasta este sau nu \u00eentemeiat\u0103. \u00cen m\u0103sura \u00een care cererea este \u00eentemeiat\u0103, vom proceda conform solicit\u0103rii dvs. Dac\u0103 cererea este ne\u00eentemeiat\u0103, o vom respinge, \u00eens\u0103 v\u0103 vom informa asupra motivelor refuzului \u0219i asupra drepturilor dvs. de a depune pl\u00e2ngere la Autoritatea de Supraveghere \u0219i de a v\u0103 adresa justi\u021biei.<br \/>\nCererile pentru exercitarea unui drept sau mai multor drepturi din cele enumerate anterior se transmit c\u0103tre Responsabilul cu Protec\u021bia Datelor din cadrul RCCC, fie la sediul RCCC din Strada Croitorilor nr. 19 -21 , Cluj-Napoca, fie pe adresa de e-mail contact@RCCC.ro.<br \/>\nCa regul\u0103, cererea dvs. va fi solu\u021bionat\u0103 \u00een cel mai scurt timp posibil, dar nu mai t\u00e2rziu de 1 lun\u0103 de la primirea acesteia. Cu toate acestea, termenul poate fi prelungit cu maximum 2 luni dac\u0103 situa\u021bia dvs. este deosebit de complex\u0103 sau num\u0103rul cererilor este foarte mare, caz \u00een care v\u0103 vom comunica motivele \u00eent\u00e2rzierii \u00een termen de cel mult 1 lun\u0103 de la primirea cererii.<br \/>\nDac\u0103 nu v\u0103 putem identifica, nu vom putea da curs cererii dvs., motiv pentru care cererile anonime nu vor fi luate \u00een considerare.<\/p>\n<p>Cum ne pute\u021bi contacta?<br \/>\nResponsabilul cu Protec\u021bia Datelor poate fi contactat \u0219i \u00een cazul \u00een care exist\u0103 nel\u0103muriri cu privire la orice alt aspect ce \u021bine de protec\u021bia datelor cu caracter personal. Acesta poate fi contactat fie prin transmiterea unei cereri scrise, datate si semnate, la sediul RCCC amintit anterior, cu men\u021biunea c\u0103 cererea este \u00een aten\u021bia Responsabilului cu Protec\u021bia Datelor, fie prin e-mail la adresa office.rccc@gmail.com<\/p>\n","protected":false},"excerpt":{"rendered":"<p>POLITICA PRIVIND PROTECTIA DATELOR CU CARACTER PERSONAL RCCC. (persoan\u0103 juridic\u0103 de na\u021bionalitate rom\u00e2n\u0103, av\u00e2nd sediul social la Institutul Clinic Fundeni, Sos. Fundeni 258, Sector 2, Bucuresti, cu cod unic de \u00eenregistrare fiscal\u0103 25678662, prelucreaz\u0103 date personale, \u00een calitate de operator de date cu caracter personal, \u00een scopuri legitime. Prelucrarea datelor cu caracter personal se realizeaz\u0103 [&hellip;]<\/p>\n","protected":false},"author":1,"featured_media":0,"parent":0,"menu_order":0,"comment_status":"closed","ping_status":"closed","template":"","meta":{"footnotes":""},"class_list":["post-2650","page","type-page","status-publish","hentry"],"_links":{"self":[{"href":"https:\/\/rccc.ro\/en\/wp-json\/wp\/v2\/pages\/2650","targetHints":{"allow":["GET"]}}],"collection":[{"href":"https:\/\/rccc.ro\/en\/wp-json\/wp\/v2\/pages"}],"about":[{"href":"https:\/\/rccc.ro\/en\/wp-json\/wp\/v2\/types\/page"}],"author":[{"embeddable":true,"href":"https:\/\/rccc.ro\/en\/wp-json\/wp\/v2\/users\/1"}],"replies":[{"embeddable":true,"href":"https:\/\/rccc.ro\/en\/wp-json\/wp\/v2\/comments?post=2650"}],"version-history":[{"count":2,"href":"https:\/\/rccc.ro\/en\/wp-json\/wp\/v2\/pages\/2650\/revisions"}],"predecessor-version":[{"id":2959,"href":"https:\/\/rccc.ro\/en\/wp-json\/wp\/v2\/pages\/2650\/revisions\/2959"}],"wp:attachment":[{"href":"https:\/\/rccc.ro\/en\/wp-json\/wp\/v2\/media?parent=2650"}],"curies":[{"name":"wp","href":"https:\/\/api.w.org\/{rel}","templated":true}]}}