{"id":2652,"date":"2021-02-08T20:58:25","date_gmt":"2021-02-08T20:58:25","guid":{"rendered":"https:\/\/rccc.ro\/?page_id=2652"},"modified":"2021-02-12T08:47:56","modified_gmt":"2021-02-12T08:47:56","slug":"despre-cookie","status":"publish","type":"page","link":"https:\/\/rccc.ro\/en\/despre-cookie\/","title":{"rendered":"Despre Cookie"},"content":{"rendered":"<p>Aceast\u0103 politic\u0103 se refera la cookie-urile folosite pe site-ul www.RCCC.ro., administrat de RCCC, av\u00e2nd urmatoarele date de identificare:<br \/>\nInstitutul Clinic Fundeni, Sos. Fundeni 258, Sector 2, Bucuresti, cu cod unic de \u00eenregistrare fiscal\u0103 25678662, \u00a0E-mail: office.rccc@gmail.com<br \/>\nRCCC.ro foloseste cookie-uri proprii, cat \u0219i de la ter\u021bi pentru a furniza vizitatorilor \u0219i utilizatorilor o experien\u021b\u0103 mult mai buna de navigare \u0219i servicii adaptate nevoilor \u0219i interesului fiecaruia. \u00cen ceea ce numim \u201cweb 2.0\u201d, \u201ccookie\u201d-urile joac\u0103 un rol important \u00een facilitarea accesului \u0219i livr\u0103rii multiplelor servicii de care vizitatorul\/utilizatorul se bucur\u0103 pe internet, cum ar fi:<br \/>\nCookie-urile ofer\u0103 proprietarului site-ului un feedback valoros asupra modului \u00een care acesta este folosit de c\u0103tre utilizatori, \u00een vederea optimizarii;<br \/>\nPermit aplica\u021biilor multimedia sau de alt tip de pe alte site-uri s\u0103 fie incluse \u00eentr-un anumit site pentru a crea o experien\u021b\u0103 mai buna de navigare;<br \/>\n\u00cembunatatesc eficien\u021ba publicit\u0103\u021bii online.<br \/>\n<strong>Ce este un \u201ccookie\u201d?<\/strong><br \/>\nUn \u201cInternet Cookie\u201d (termen cunoscut \u0219i ca \u201cbrowser cookie\u201d, \u201cHTTP cookie\u201d sau cookie\u201d ) este un fi\u0219ier de mici dimensiuni, format din litere \u0219i numere, care va fi stocat pe computerul, terminalul mobil sau alte echipamente ale unui vizitator\/ utilizator de pe care se acceseaza Internetul.<br \/>\nCookie-ul este instalat prin solicitarea emis\u0103 de catre un web-server unui browser (ex: Internet Explorer, Chrome, Mozilla, Safari) \u0219i este complet \u201cpasiv\u201d (nu con\u021bine programe software, viru\u0219i sau spyware si nu poate accesa informa\u021biile de pe hard drive-ul vizitatorului\/ utilizatorului).<br \/>\nUn cookie este format din 2 p\u0103r\u021bi: numele \u0219i con\u021binutul sau valoarea cookie-ului. Mai mult, durata de existen\u021b\u0103 a unui cookie este determinat\u0103; tehnic, doar serverul care a trimis cookie-ul \u00eel poate accesa din nou \u00een momentul \u00een care un utilizator se intoarce pe website-ul asociat serverului respectiv.<br \/>\nCookie-urile \u00een sine nu solicit\u0103 informatii cu caracter personal pentru a putea fi utilizate \u0219i, \u00een cele mai multe cazuri, nu identific\u0103 personal utilizatorii de internet.<br \/>\n<strong>Exista 2 categorii mari de cookie-uri:<\/strong><br \/>\n<strong>Cookie-uri de sesiune<\/strong>\u00a0\u2013 acestea sunt stocate temporar \u00een dosarul de cookie-uri al browserului web pentru ca acesta s\u0103 le memoreze p\u00e2n\u0103 c\u00e2nd utilizatorul iese de pe site-ul respectiv sau \u00eenchide fereastra browserului ( ex: \u00een momentul logarii\/delogarii pe un cont de mail sau pe re\u021bele de socializare).<br \/>\n<strong>Cookie-uri permanente, persistente sau stocate<\/strong>\u00a0\u2013 Acestea sunt stocate pe hard-drive-ul unui computer sau echipament (\u0219i \u00een general depinde de durata de via\u021b\u0103 prestabilit\u0103 pentru acestea).<br \/>\nCookie-urile permanente le includ \u0219i pe cele plasate de un alt website dec\u00e2t cel pe care \u00eel viziteaz\u0103 utilizatorul la momentul respectiv \u2013 cunoscute sub numele de \u2018third party cookies\u2019 (cookieuri plasate de ter\u021bi) \u2013 care pot fi folosite \u00een mod anonim pentru a memora interesele unui utilizator, astfel \u00eencat sa fie livrat\u0103 publicitate c\u00e2t mai relevant\u0103 pentru utilizatori.<br \/>\n<strong>Care sunt avantajele cookie-urilor?<\/strong><br \/>\nUn cookie con\u021bine informa\u021bii care fac legatura \u00eentre un web-browser (vizitatorul\/utilizatorul) \u0219i un web-server anume (website-ul). Dac\u0103 un browser acceseaz\u0103 acel web-server din nou, acestapoate citi informa\u021bia deja stocat\u0103 \u0219i reac\u021biona \u00een consecin\u021b\u0103. Cookie-urile asigur\u0103 vizitatorilor\/utilizatorilor o navigare eficient\u0103 \u0219i sus\u021bin eforturile multor site-uri pentru a oferiservicii personalizate acestora: ex: preferin\u021bele \u00een materie de confiden\u021bialitate online, op\u021biunile privind limba site-ului, co\u0219uri de cump\u0103r\u0103turi sau publicitate relevant\u0103.<br \/>\n<strong>Care este durata de via\u021b\u0103 a unui cookie?<\/strong><br \/>\nCookieurile sunt administrate de webservere. Durata de viata a unui cookie poate varia semnificativ, depinzand de scopul pentru care este plasat. Unele cookie-uri sunt folosite exclusiv pentru o singura sesiune (session cookies) si nu mai sunt retinute odata de Vizitatorul\/Utilizatorul a parasit website-ul si unele cookie-uri sunt retinute si refolosite de fiecaredata cand Vizitatorul\/Utilizatorul revine pe acel website (\u2018cookie-uri permanente\u2019). Cu toate aceste, cookie-urile pot fi sterse de un Vizitator\/Utilizator in orice moment prin intermediul setarilor browserului.<br \/>\n<strong>Ce sunt cookie-urile plasate de ter\u021bi?<\/strong><br \/>\nAnumite sec\u021biuni de con\u021binut de pe unele site-uri pot fi furnizate prin intermediul unor ter\u021be p\u0103r\u021bi\/furnizori (ex: news box, un video sau o reclam\u0103). Aceste ter\u021be p\u0103r\u021bi pot plasa de asemenea cookie-uri prin intermediul site-ului \u0219i ele se numesc \u201cthird party cookies\u201d pentru ca nu sunt plasate de proprietarul site-ului respectiv. Furnizorii ter\u021bi trebuie s\u0103 respecte de asemenea legea\u00een vigoare \u0219i politicile de confiden\u021bialitate ale de\u021binatorului site-ului.<br \/>\n<strong>Cum sunt folosite cookie-urile de catre RCCC.ro<\/strong><br \/>\nO vizita pe RCCC.ro poate stoca urm\u0103toarele tipuri de cookie:<br \/>\nCookie-uri de performan\u021ba a site-ului;<br \/>\nCookie-uri de analiz\u0103 a utilizatorilor;<br \/>\nCookie-uri pentru geo-targetting;<br \/>\nCookie-uri de \u00eenregistrare;<br \/>\nPentru fiecare prim\u0103 \u00eenc\u0103rcare a paginii a unui vizitator nou, o ter\u021b\u0103 parte genereaz\u0103 un cookie de analiz\u0103. Browserul ofer\u0103 informa\u021bii referitoroare la existen\u021ba sau absen\u021ba acestui cookie \u00een cazul fiecarui vizitator\/utilizator, iar \u00een cazul \u00een care browserul nu beneficiaz\u0103 de acest cookie, se va genera automat.<br \/>\nC\u00e2t timp vizitatorul nu este \u00eenregistrat pe RCCC.ro, acest cookie nu poate fi folosit pentru a identifica persoanele fizice, ele sunt folosite doar \u00een scop statistic. \u00cen caz contrar, RCCC.ro beneficiaz\u0103 \u0219i de datele furnizate de catre utilizator acestuia: adesa de e-mail, num\u0103r e telefon, adresa \u2013 acestea fiind supuse confiden\u021bialita\u021bii \u0219i prevederilor din Termeni si Conditii \u0219i Politic\u0103 de confiden\u021bialitate precum \u0219i prevederilor legisla\u021biei \u00een vigoare cu privire la protejarea datelor cu caracter personal.<\/p>\n<p><strong>Cookie-uri pentru geo-targetting<\/strong><br \/>\nAceste cookie-uri sunt utilizate complet anonim si sunt folosite pentru a targeta con\u021binutul \u0219i preferin\u021bele de livrare.<\/p>\n<p><strong>Cookie-uri pentru \u00eenregistrare<\/strong><br \/>\nAcestea sunt generate o dat\u0103 cu \u00eenregistrarea pe site \u0219i ajut\u0103 la p\u0103strarea preferin\u021belor utilizatorului. Daca utilizatorul nu selecteaz\u0103 op\u021biunea \u201cp\u0103streaz\u0103-m\u0103 \u00eenregistrat\u201d, acest cookie se va \u0219terge automat la \u00eenchiderea browserului.<br \/>\nCookie-uri pentru publicitate<br \/>\nAceste cookie-uri permit monitorizarea numarul de vizualizari pentru reclamele online, care este tipul acesteia \u0219i c\u00e2t timp a trecut de c\u00e2nd a fost vizualizat mesajul publicitar.<br \/>\nAceste cookie-uri sunt folosite \u0219i pentru a targeta publicitatea online. Se pot folosi, de asemenea, cookie-uri apar\u021bin\u00e2nd unei ter\u021be p\u0103r\u021bi pentru a livra publicitate potrivit\u0103 preferin\u021belor.<br \/>\n<strong>Alte cookie-uri ale tertelor parti<\/strong><br \/>\nPe unele pagini online, ter\u021bii pot seta propriile cookie-uri anonime, \u00een scopul de a urm\u0103ri succesul unei aplica\u021bii sau pentru customizare. Datorita modului de utilizare, RCCC.ro nu poate accesa cookie-uri ce apar\u021bin acestora.<br \/>\nCe tip de informa\u021bii sunt stocate \u0219i accesate prin intermediul cookie-urilor?<br \/>\nCookie-urile p\u0103streaz\u0103 informa\u021bii \u00eentr-un fisier text de mici dimensiuni care permit unui site s\u0103 recunoasca un browser. Serverul v\u0103 recunoa\u0219te browserul p\u00e2na c\u00e2nd cookie-ul expir\u0103 sau este<br \/>\n\u0219ters. Cookie-ul stocheaz\u0103 informa\u021bii importante care \u00eembun\u0103t\u0103\u021besc experien\u021b\u0103 de navigare pe internet ( ex: set\u0103rile limbii \u00een care se dore\u0219te accesarea unui site; p\u0103strarea unui user logat in contul de mail; securitatea online banking; p\u0103strarea produselor \u00een co\u0219ul de cump\u0103raturi)<br \/>\nDe ce sunt cookie-urile importante pentru Internet?<br \/>\nCookie-urile reprezint\u0103 punctul central al func\u021bionarii eficiente a internetului, ajut\u00e2nd la generarea unei experien\u021be de navigare prietenoase \u0219i adaptat\u0103 preferintelor \u0219i intereselor fiecarui utilizator. Refuzarea sau dezactivarea cookie-urilor poate \u00eengreuna \u0219i d\u0103una experien\u021bei pe un site.<br \/>\nRefuzarea sau dezactivarea cookie-urilor nu \u00eenseamn\u0103 c\u0103 vizitatorul\/utilizatorul nu va mai primi publicitate online \u2013 ci doar ca aceasta nu va mai putea \u021bine cont de preferin\u021bele \u0219i interesele acestuia, eviden\u021biate prin comportamentul de navigare.<br \/>\nExemple de \u00eentrebuin\u021b\u0103ri importante ale cookie-urilor (care nu necesit\u0103 autentificarea unui vizitator prin intermediul unui cont):<br \/>\nCon\u021binut \u0219i servicii adaptate preferin\u021belor vizitatorului\/utilizatorului;<br \/>\nOferte adaptate pe interesele vizitatorilor\/utilizatorilor \u2013 re\u021binerea parolelor, preferin\u021bele de limba;<br \/>\nLimitarea frecven\u021bei de difuzare a reclamelor \u2013 limitarea num\u0103rului de afi\u0219\u0103ri a unei reclame pentru un anumit vizitator\/utilizator pe un site;<br \/>\nFurnizarea de publicitate relevant\u0103.<br \/>\n<strong>Securitate \u0219i probleme legate de confiden\u021bialitate<\/strong><br \/>\nDeoarece protec\u021bia identit\u0103\u021bii este foarte valoroas\u0103 \u0219i reprezint\u0103 dreptul fiec\u0103rui utilizator de internet, este indicat sa se stie ce eventuale probleme pot crea cookie-urile. Pentru c\u0103 prin intermediul lor se transmit \u00een mod constant informa\u021bii \u00eentre browser \u0219i website, dac\u0103 o persoan\u0103 neautorizat\u0103 intervine \u00een parcursul de transmitere a datelor, informa\u021biile con\u021binute de cookie pot fi interceptate. De\u0219i foarte rar, acest lucru se poate intampla dac\u0103 browserul se conecteaz\u0103 la server folosind o re\u021bea necriptat\u0103 (ex: o re\u021bea WiFi nesecurizat\u0103).<br \/>\nAlte probleme bazate pe utilizarea cookie-urilor implic\u0103 set\u0103ri gre\u0219ite ale acestora pe servere. Dac\u0103 un site nu solicit\u0103 browserului s\u0103 foloseasc\u0103 doar canale criptate, atacatorii pot folosi aceast\u0103 vulnerabilitate pentru a p\u0103cali browserele \u00een a trimite informa\u021bii prin intermediul canalelor nesecurizate. Atacatorii utilizeaz\u0103 apoi informa\u021biile \u00een scopul de a accesa neautorizat anumite site-uri. Este foarte important ca vizitatorul\/utilizatorul s\u0103 acorde aten\u021bie deosebit\u0103 \u00een alegerea metodei celei mai potrivite de protec\u021bie a informa\u021biilor personale.<br \/>\nSfaturi pentru o navigare sigur\u0103 si responsabil\u0103, bazat\u0103 pe cookie-uri<br \/>\nDatorit\u0103 flexibilita\u021bii lor \u0219i a faptului c\u0103 majoritatea dintre cele mai vizitate site-uri folosesc cookie-uri, acestea sunt aproape inevitabile. Dezactivarea cookie-urilor nu va permite accesulvizitatorului pe site-urile cele mai raspandite \u0219i utilizate, platforme de socializare sau con\u021binut audio \u0219i video.<br \/>\nMetode care pot asigura o navigare \u00een siguran\u021b\u0103, cu ajutorul cookie-urilor:<br \/>\nDefinirea set\u0103rilor browserului \u00een ceea ce prive\u0219te cookie-urile pentru a reflecta un nivel confortabil al securitatii utiliz\u0103rii cookie-urilor;<br \/>\n\u00cen cazul \u00een care exist\u0103 un singur utilizator al computerului \u0219i prezen\u021ba cookie-urilor nu este deranjant\u0103, se pot seta termene lungi de expirare pentru stocarea istoricului de navigare \u0219i al datelor personale de acces;<br \/>\nDac\u0103 accesul la calculator este \u00eemp\u0103r\u021bit, se poate lua \u00een considerare setarea browserului pentru a \u0219terge datele individuale de navigare de fiecare data cand browserul este \u00eenchis. Aceasta este o variant\u0103 de a accesa site-urile care plaseaz\u0103 cookie-uri \u0219i de a \u0219terge orice informa\u021bie de vizitare la \u00eenchiderea sesiunii de navigare.<br \/>\nInstalarea \u0219i update-ul constant al aplica\u021biilor antispyware.<br \/>\nMulte dintre aplica\u021biile de detectare \u0219i prevenire a spyware-ului includ detectarea atacurilor pe site-uri. Astfel, impiedica browserul de la a accesa website-uri care ar putea s\u0103 exploateze vulnerabilit\u0103\u021bile acestuia sau s\u0103 descarce software periculos.<br \/>\nBrowserul trebuie s\u0103 fie mereu actualizat<br \/>\nActualizarea constanta a versiunii browser-ului \u0219i configurarea acestuia ajut\u0103 la o mai bun\u0103 experien\u021b\u0103 pe site iar o \u00een\u021belegere clar\u0103 a modului de operare a cookie-urilor permit ca navigarea pe internet sa se poat\u0103 desfasura in conditii de incredere.<br \/>\nCum pot opri cookie-urile?<br \/>\nDezactivarea \u0219i refuzul de a primi cookie-uri pot face anumite site-uri impracticabile sau dificil de vizitat \u0219i folosit. De asemenea, refuzul de a accepta cookie-uri nu \u00eenseamna c\u0103 vizitatorul\/utilizatorul nu mai poate vedea publicitate online.<br \/>\nEste posibil\u0103 setarea din browser pentru ca aceste cookie-uri s\u0103 nu mai fie acceptate.<br \/>\nToate tipurile de browser ofer\u0103 posibilitatea de a schimba setarile cookie-urilor. Aceste set\u0103ri se g\u0103sesc de regula in \u201coptiuni\u201d sau in meniul de \u201cpreferinte\u201d al browser-ului folosit:<br \/>\nCookie settings in Internet Explorer<br \/>\nCookie settings in Firefox<br \/>\nCookie settings in Chrome<br \/>\nCookie settings in Safari<\/p>\n<p><strong>Linkuri utile<\/strong><br \/>\nIAB Romania pune la dispozitie urmatorul site pentru a oferi mai multe informatii privind confidentialitatea legata de publicitatea online: http:\/\/www.youronlinechoices.com\/ro\/<br \/>\nPentru mai multe detalii legate de probleme de confidentialitate, puteti accesa si urmatoarele linkuri:<br \/>\nhttp:\/\/www.dreptonline.ro\/legislatie\/oug_13_2012_modificare_prelucrare-_date_caracter_personal_protectia_vietii_private_comunicatii_electronice.php<br \/>\nhttp:\/\/www.youronlinechoices.eu\/ro<br \/>\nhttp:\/\/www.iabeurope.eu\/cookies-faq\/internet-cookies-increasing-and-enhancing-yourinternet-surfing-experience\/what-are-cookies-how-do-they-work-cookies-faq.aspx<br \/>\nhttp:\/\/www.guardian.co.uk\/info\/cookies<\/p>\n","protected":false},"excerpt":{"rendered":"<p>Aceast\u0103 politic\u0103 se refera la cookie-urile folosite pe site-ul www.RCCC.ro., administrat de RCCC, av\u00e2nd urmatoarele date de identificare: Institutul Clinic Fundeni, Sos. Fundeni 258, Sector 2, Bucuresti, cu cod unic de \u00eenregistrare fiscal\u0103 25678662, \u00a0E-mail: office.rccc@gmail.com RCCC.ro foloseste cookie-uri proprii, cat \u0219i de la ter\u021bi pentru a furniza vizitatorilor \u0219i utilizatorilor o experien\u021b\u0103 mult mai [&hellip;]<\/p>\n","protected":false},"author":1,"featured_media":0,"parent":0,"menu_order":0,"comment_status":"closed","ping_status":"closed","template":"","meta":{"footnotes":""},"class_list":["post-2652","page","type-page","status-publish","hentry"],"_links":{"self":[{"href":"https:\/\/rccc.ro\/en\/wp-json\/wp\/v2\/pages\/2652","targetHints":{"allow":["GET"]}}],"collection":[{"href":"https:\/\/rccc.ro\/en\/wp-json\/wp\/v2\/pages"}],"about":[{"href":"https:\/\/rccc.ro\/en\/wp-json\/wp\/v2\/types\/page"}],"author":[{"embeddable":true,"href":"https:\/\/rccc.ro\/en\/wp-json\/wp\/v2\/users\/1"}],"replies":[{"embeddable":true,"href":"https:\/\/rccc.ro\/en\/wp-json\/wp\/v2\/comments?post=2652"}],"version-history":[{"count":2,"href":"https:\/\/rccc.ro\/en\/wp-json\/wp\/v2\/pages\/2652\/revisions"}],"predecessor-version":[{"id":2960,"href":"https:\/\/rccc.ro\/en\/wp-json\/wp\/v2\/pages\/2652\/revisions\/2960"}],"wp:attachment":[{"href":"https:\/\/rccc.ro\/en\/wp-json\/wp\/v2\/media?parent=2652"}],"curies":[{"name":"wp","href":"https:\/\/api.w.org\/{rel}","templated":true}]}}