{"id":2812,"date":"2021-02-11T18:53:18","date_gmt":"2021-02-11T18:53:18","guid":{"rendered":"https:\/\/rccc.ro\/?page_id=2812"},"modified":"2025-12-20T18:31:43","modified_gmt":"2025-12-20T18:31:43","slug":"plata-congres","status":"publish","type":"page","link":"https:\/\/rccc.ro\/en\/congres-rccc\/plata-congres\/","title":{"rendered":"RCCC Congress payment"},"content":{"rendered":"<section class=\"wpb-content-wrapper\"><p>[vc_row][vc_column][vc_empty_space][\/vc_column][\/vc_row][vc_row][vc_column][vc_column_text]<\/p>\n<h4 style=\"text-align: center;\"><span style=\"color: #ff0000;\"><strong>Registration for the Congress takes place in 2 steps, respecting the order of the steps:<\/strong><\/span><\/h4>\n<h4 style=\"text-align: center;\"><strong>Step 1:<\/strong>\u00a0<a href=\"https:\/\/rccc.ro\/congres-rccc\/plata-congres\">Payment of the Congress<\/a><br \/>\n<strong>Step 2:<\/strong>\u00a0<a href=\"https:\/\/forms.gle\/D7qZCnWqbTZbPJTr8\" target=\"_blank\" rel=\"noopener\">Completing the registration form<\/a> (with proof of payment)<\/h4>\n<p>[\/vc_column_text][\/vc_column][\/vc_row][vc_row][vc_column][vc_empty_space][\/vc_column][\/vc_row][vc_row][vc_column][vc_column_text]<\/p>\n<h4 style=\"text-align: center;\"><span style=\"color: #ff0000;\"><strong>Participation fees paid will not be returned.<\/strong><\/span><\/h4>\n<p style=\"text-align: center;\"><strong>Payment can also be made by bank transfer to the following account:<\/strong><\/p>\n<p style=\"text-align: center;\">ASOCIA\u0162IA CLUBUL ROM\u00c2N PENTRU BOAL\u0102 CHRON \u015eI COLIT\u0102 ULCERATIV\u0102 &#8211; RCCC<br \/>\nCUI 25678662<br \/>\nRO33 RNCB 0297 1103 8742 0003<br \/>\nBCR &#8211; Colentina Branch<\/p>\n<p>[\/vc_column_text][\/vc_column][\/vc_row][vc_row][vc_column][vc_column_text]<\/p>\n<p>[\/vc_column_text][\/vc_column][\/vc_row][vc_row][vc_column]<div id=\"porto-products-9277\" class=\"porto-products wpb_content_element theme_option wpb_custom_c9b29ede315f81ce7e062dc664e7ed90\"><div class=\"woocommerce columns-3 \"><ul class=\"products products-container grid show-nav-middle pcols-lg-3 pcols-md-3 pcols-xs-2 pcols-ls-2 pwidth-lg-3 pwidth-md-3 pwidth-xs-2 pwidth-ls-1 is-shortcode\"\r\n\t data-product_layout=\"product-outimage\">\r\n\r\n<li class=\"product-col product-outimage product type-product post-3462 status-publish first instock product_cat-conferinta-rcc-septembrie-2026 has-post-thumbnail virtual purchasable product-type-simple\">\r\n<div class=\"product-inner\">\r\n\t\r\n\t<div class=\"product-image\">\r\n\r\n\t\t<a  href=\"https:\/\/rccc.ro\/en\/produs\/prezenta-fizica-medic-primar-conferinta-rccc-septembrie-2024\/\" aria-label=\"product\">\r\n\t\t\t<div class=\"inner\"><img loading=\"lazy\" decoding=\"async\" width=\"300\" height=\"300\" src=\"https:\/\/rccc.ro\/wp-content\/uploads\/2023\/06\/prezenta-fizica-medic-primar-300x300-3.png\" class=\" wp-post-image\" alt=\"\" \/><\/div>\t\t<\/a>\r\n\t\t\t<\/div>\r\n\r\n\t<div class=\"product-content\">\r\n\t\t<span class=\"category-list\"><a href=\"https:\/\/rccc.ro\/en\/categorie-produs\/conferinta-rcc-septembrie-2026\/\" rel=\"tag\">RCCC Congress September 2026<\/a><\/span>\r\n\t\t\t<a class=\"product-loop-title\"  href=\"https:\/\/rccc.ro\/en\/produs\/prezenta-fizica-medic-primar-conferinta-rccc-septembrie-2024\/\">\r\n\t<h3 class=\"woocommerce-loop-product__title\">Physical presence Primary doctor &#8211; RCCC Conference September, 2026<\/h3>\t<\/a>\r\n\t\r\n\t\t\r\n\t\t\t<\/div>\r\n<\/div>\r\n<\/li>\r\n\r\n<li class=\"product-col product-outimage product type-product post-3460 status-publish instock product_cat-conferinta-rcc-septembrie-2026 has-post-thumbnail virtual purchasable product-type-simple\">\r\n<div class=\"product-inner\">\r\n\t\r\n\t<div class=\"product-image\">\r\n\r\n\t\t<a  href=\"https:\/\/rccc.ro\/en\/produs\/prezenta-fizica-medic-rezident-conferinta-rccc-septembrie-2024\/\" aria-label=\"product\">\r\n\t\t\t<div class=\"inner\"><img loading=\"lazy\" decoding=\"async\" width=\"300\" height=\"300\" src=\"https:\/\/rccc.ro\/wp-content\/uploads\/2023\/06\/prezenta-fizica-rezident-300x300-3.png\" class=\" wp-post-image\" alt=\"\" \/><\/div>\t\t<\/a>\r\n\t\t\t<\/div>\r\n\r\n\t<div class=\"product-content\">\r\n\t\t<span class=\"category-list\"><a href=\"https:\/\/rccc.ro\/en\/categorie-produs\/conferinta-rcc-septembrie-2026\/\" rel=\"tag\">RCCC Congress September 2026<\/a><\/span>\r\n\t\t\t<a class=\"product-loop-title\"  href=\"https:\/\/rccc.ro\/en\/produs\/prezenta-fizica-medic-rezident-conferinta-rccc-septembrie-2024\/\">\r\n\t<h3 class=\"woocommerce-loop-product__title\">Physical presence of resident doctor &#8211; RCCC Congress September, 2026<\/h3>\t<\/a>\r\n\t\r\n\t\t\r\n\t\t\t<\/div>\r\n<\/div>\r\n<\/li>\r\n<\/ul>\r\n<\/div><\/div>[\/vc_column][\/vc_row]<\/p>\n<\/section>","protected":false},"excerpt":{"rendered":"<p>[vc_row][vc_column][vc_empty_space][\/vc_column][\/vc_row][vc_row][vc_column][vc_column_text] Registration for the Congress takes place in 2 steps, respecting the order of the steps: Step 1:\u00a0Payment of the Congress Step 2:\u00a0Completing the registration form (with proof of payment) [\/vc_column_text][\/vc_column][\/vc_row][vc_row][vc_column][vc_empty_space][\/vc_column][\/vc_row][vc_row][vc_column][vc_column_text] Participation fees paid will not be returned. Payment can also be made by bank transfer to the following account: ASOCIA\u0162IA CLUBUL ROM\u00c2N PENTRU BOAL\u0102 [&hellip;]<\/p>\n","protected":false},"author":1,"featured_media":0,"parent":2511,"menu_order":0,"comment_status":"closed","ping_status":"closed","template":"","meta":{"footnotes":""},"class_list":["post-2812","page","type-page","status-publish","hentry"],"_links":{"self":[{"href":"https:\/\/rccc.ro\/en\/wp-json\/wp\/v2\/pages\/2812","targetHints":{"allow":["GET"]}}],"collection":[{"href":"https:\/\/rccc.ro\/en\/wp-json\/wp\/v2\/pages"}],"about":[{"href":"https:\/\/rccc.ro\/en\/wp-json\/wp\/v2\/types\/page"}],"author":[{"embeddable":true,"href":"https:\/\/rccc.ro\/en\/wp-json\/wp\/v2\/users\/1"}],"replies":[{"embeddable":true,"href":"https:\/\/rccc.ro\/en\/wp-json\/wp\/v2\/comments?post=2812"}],"version-history":[{"count":49,"href":"https:\/\/rccc.ro\/en\/wp-json\/wp\/v2\/pages\/2812\/revisions"}],"predecessor-version":[{"id":4143,"href":"https:\/\/rccc.ro\/en\/wp-json\/wp\/v2\/pages\/2812\/revisions\/4143"}],"up":[{"embeddable":true,"href":"https:\/\/rccc.ro\/en\/wp-json\/wp\/v2\/pages\/2511"}],"wp:attachment":[{"href":"https:\/\/rccc.ro\/en\/wp-json\/wp\/v2\/media?parent=2812"}],"curies":[{"name":"wp","href":"https:\/\/api.w.org\/{rel}","templated":true}]}}